{"id":12964,"date":"2025-12-16T16:35:01","date_gmt":"2025-12-16T16:35:01","guid":{"rendered":"https:\/\/xn--gafasparaeclipsesolarespaa-5rc.com\/producto\/ulleres-spectrum-solar-eclipse-homologades-iso-12312-22015-i-ce\/"},"modified":"2025-12-16T16:35:01","modified_gmt":"2025-12-16T15:35:01","slug":"ulleres-spectrum-solar-eclipse-homologades-iso-12312-22015-i-ce","status":"publish","type":"product","link":"https:\/\/xn--gafasparaeclipsesolarespaa-5rc.com\/ca\/producte\/ulleres-spectrum-solar-eclipse-homologades-iso-12312-22015-i-ce\/","title":{"rendered":"Ulleres Spectrum Solar Eclipse Homologades ISO 12312-2:2015 i CE"},"content":{"rendered":"<p style=\"margin-bottom: 10px!important;\"><span dir=\"auto\" style=\"vertical-align: inherit;\"><span dir=\"auto\" style=\"vertical-align: inherit;\"><span dir=\"auto\" style=\"vertical-align: inherit;\"><span dir=\"auto\" style=\"vertical-align: inherit;\">El pr\u00f2xim eclipsi solar total tindr\u00e0 lloc el 12 d&#8217;agost de 2026. Amb les ulleres d&#8217;eclipsi solar d&#8217;alta qualitat Spectrum, podreu gaudir de l&#8217;espectacle de forma segura. <\/span><\/span><\/span><\/span><\/p>\n<ul>\n<li style=\"font-weight: 400;\" aria-level=\"1\">Observeu els eclipsis solars de manera segura amb les nostres ulleres d&#8217;eclipsi. Ofereixen una imatge solar clara i natural en tons taronges brillants. <\/li>\n<li><b>Seguretat Certificada: <\/b>Les nostres ulleres d&#8217;eclipsi compten amb l&#8217;homologaci\u00f3 ISO 12312-2:2015 i el certificat de conformitat de la UE (vegeu les certificacions a les imatges) per a l&#8217;observaci\u00f3 directa del sol.<\/li>\n<li style=\"font-weight: 400;\" aria-level=\"1\"><b>Filtra la llum nociva:<\/b> Les nostres ulleres per a eclipsis solars utilitzen una tecnologia de filtratge que bloqueja el 100% dels raigs UV nocius, el 100% de la radiaci\u00f3 infraroja i el 99,99% de la llum visible.<\/li>\n<li><b>Biodegradables:<\/b> Les ulleres d&#8217;eclipsi Spectrum estan fabricades amb un 70% de fibres de paper reciclat. S\u00f3n una opci\u00f3 ecol\u00f2gica per als entusiastes compromesos amb el medi ambient. <\/li>\n<li><b>Talla \u00fanica: <\/b>Les ulleres Spectrum s&#8217;adapten a diverses formes i mides de cara, assegurant un ajust c\u00f2mode tant per a adults com per a adolescents. S\u00f3n lleugeres i c\u00f2modes de portar durant un \u00fas prolongat. <\/li>\n<li><span style=\"font-weight: 400;\">Si us plau, seguiu acuradament les <a style=\"color: #e95900;\" href=\"https:\/\/xn--gafasparaeclipsesolarespaa-5rc.com\/ca\/com-utilitzar-ulleres-eclipsi-de-manera-segura\/\">Instruccions d&#8217;\u00das<\/a>. <a style=\"color: #e95900;\" href=\"https:\/\/xn--gafasparaeclipsesolarespaa-5rc.com\/ca\/com-utilitzar-ulleres-eclipsi-de-manera-segura\/\" target=\"_blank\" rel=\"noopener\"><img decoding=\"async\" class=\"alignnone wp-image-10834\" src=\"https:\/\/xn--gafasparaeclipsesolarespaa-5rc.com\/wp-content\/uploads\/2026\/02\/eclipseglassesspain_icons_new_window_40x40.webp\" alt=\"\" width=\"20\" height=\"20\"><\/a><\/span><\/li>\n<\/ul>\n","protected":false},"excerpt":{"rendered":"<p>El pr\u00f2xim eclipsi solar total tindr\u00e0 lloc el 12 d&#8217;agost de 2026. Amb les ulleres d&#8217;eclipsi solar d&#8217;alta qualitat Spectrum, [&hellip;]<\/p>\n","protected":false},"featured_media":0,"comment_status":"open","ping_status":"closed","template":"","meta":{"site-sidebar-layout":"default","site-content-layout":"","ast-site-content-layout":"full-width-container","site-content-style":"default","site-sidebar-style":"default","ast-global-header-display":"","ast-banner-title-visibility":"","ast-main-header-display":"","ast-hfb-above-header-display":"","ast-hfb-below-header-display":"","ast-hfb-mobile-header-display":"","site-post-title":"","ast-breadcrumbs-content":"","ast-featured-img":"","footer-sml-layout":"","ast-disable-related-posts":"","theme-transparent-header-meta":"default","adv-header-id-meta":"","stick-header-meta":"","header-above-stick-meta":"","header-main-stick-meta":"","header-below-stick-meta":"","astra-migrate-meta-layouts":"default","ast-page-background-enabled":"default","ast-page-background-meta":{"desktop":{"background-color":"var(--ast-global-color-5)","background-image":"","background-repeat":"repeat","background-position":"center center","background-size":"auto","background-attachment":"scroll","background-type":"","background-media":"","overlay-type":"","overlay-color":"","overlay-opacity":"","overlay-gradient":""},"tablet":{"background-color":"","background-image":"","background-repeat":"repeat","background-position":"center center","background-size":"auto","background-attachment":"scroll","background-type":"","background-media":"","overlay-type":"","overlay-color":"","overlay-opacity":"","overlay-gradient":""},"mobile":{"background-color":"","background-image":"","background-repeat":"repeat","background-position":"center center","background-size":"auto","background-attachment":"scroll","background-type":"","background-media":"","overlay-type":"","overlay-color":"","overlay-opacity":"","overlay-gradient":""}},"ast-content-background-meta":{"desktop":{"background-color":"var(--ast-global-color-4)","background-image":"","background-repeat":"repeat","background-position":"center center","background-size":"auto","background-attachment":"scroll","background-type":"","background-media":"","overlay-type":"","overlay-color":"","overlay-opacity":"","overlay-gradient":""},"tablet":{"background-color":"var(--ast-global-color-4)","background-image":"","background-repeat":"repeat","background-position":"center center","background-size":"auto","background-attachment":"scroll","background-type":"","background-media":"","overlay-type":"","overlay-color":"","overlay-opacity":"","overlay-gradient":""},"mobile":{"background-color":"var(--ast-global-color-4)","background-image":"","background-repeat":"repeat","background-position":"center center","background-size":"auto","background-attachment":"scroll","background-type":"","background-media":"","overlay-type":"","overlay-color":"","overlay-opacity":"","overlay-gradient":""}},"_glsr_average":0,"_glsr_ranking":0,"_glsr_reviews":0},"product_brand":[],"product_cat":[89],"product_tag":[],"class_list":{"0":"post-12964","1":"product","2":"type-product","3":"status-publish","5":"product_cat-uncategorized","6":"desktop-align-left","7":"tablet-align-left","8":"mobile-align-left","10":"first","11":"instock","12":"taxable","13":"shipping-taxable","14":"purchasable","15":"product-type-simple"},"_links":{"self":[{"href":"https:\/\/xn--gafasparaeclipsesolarespaa-5rc.com\/ca\/wp-json\/wp\/v2\/product\/12964","targetHints":{"allow":["GET"]}}],"collection":[{"href":"https:\/\/xn--gafasparaeclipsesolarespaa-5rc.com\/ca\/wp-json\/wp\/v2\/product"}],"about":[{"href":"https:\/\/xn--gafasparaeclipsesolarespaa-5rc.com\/ca\/wp-json\/wp\/v2\/types\/product"}],"replies":[{"embeddable":true,"href":"https:\/\/xn--gafasparaeclipsesolarespaa-5rc.com\/ca\/wp-json\/wp\/v2\/comments?post=12964"}],"wp:attachment":[{"href":"https:\/\/xn--gafasparaeclipsesolarespaa-5rc.com\/ca\/wp-json\/wp\/v2\/media?parent=12964"}],"wp:term":[{"taxonomy":"product_brand","embeddable":true,"href":"https:\/\/xn--gafasparaeclipsesolarespaa-5rc.com\/ca\/wp-json\/wp\/v2\/product_brand?post=12964"},{"taxonomy":"product_cat","embeddable":true,"href":"https:\/\/xn--gafasparaeclipsesolarespaa-5rc.com\/ca\/wp-json\/wp\/v2\/product_cat?post=12964"},{"taxonomy":"product_tag","embeddable":true,"href":"https:\/\/xn--gafasparaeclipsesolarespaa-5rc.com\/ca\/wp-json\/wp\/v2\/product_tag?post=12964"}],"curies":[{"name":"wp","href":"https:\/\/api.w.org\/{rel}","templated":true}]}}