{"id":12806,"date":"2025-11-06T15:32:32","date_gmt":"2025-11-06T14:32:32","guid":{"rendered":"https:\/\/xn--gafasparaeclipsesolarespaa-5rc.com\/0030-programa-dafiliats\/0031-faq-que-es-un-programa-dafiliats\/"},"modified":"2026-04-10T11:16:52","modified_gmt":"2026-04-10T09:16:52","slug":"que-es-un-programa-dafiliats","status":"publish","type":"page","link":"https:\/\/xn--gafasparaeclipsesolarespaa-5rc.com\/ca\/programa-dafiliats-spectrum\/que-es-un-programa-dafiliats\/","title":{"rendered":"1031-FAQ &#8211; Qu\u00e8 \u00e9s un programa d\u2019afiliats?"},"content":{"rendered":"\t\t<div data-elementor-type=\"wp-page\" data-elementor-id=\"12806\" class=\"elementor elementor-12806\" data-elementor-post-type=\"page\">\n\t\t\t\t<div class=\"elementor-element elementor-element-59be29e e-flex e-con-boxed e-con e-parent\" data-id=\"59be29e\" data-element_type=\"container\" data-e-type=\"container\" data-settings=\"{&quot;background_background&quot;:&quot;classic&quot;}\">\n\t\t\t\t\t<div class=\"e-con-inner\">\n\t\t<div class=\"elementor-element elementor-element-1d8fbd9 pge-bnr e-flex e-con-boxed e-con e-child\" data-id=\"1d8fbd9\" data-element_type=\"container\" data-e-type=\"container\">\n\t\t\t\t\t<div class=\"e-con-inner\">\n\t\t\t\t<div class=\"elementor-element elementor-element-02c0468 elementor-widget__width-inherit elementor-widget-tablet_extra__width-initial elementor-widget elementor-widget-heading\" data-id=\"02c0468\" data-element_type=\"widget\" data-e-type=\"widget\" data-widget_type=\"heading.default\">\n\t\t\t\t\t<h1 class=\"elementor-heading-title elementor-size-default\">Qu\u00e8 \u00e9s un programa d\u2019afiliats?<\/h1>\t\t\t\t<\/div>\n\t\t\t\t<div class=\"elementor-element elementor-element-f43b1dd elementor-widget-divider--view-line elementor-widget elementor-widget-divider\" data-id=\"f43b1dd\" data-element_type=\"widget\" data-e-type=\"widget\" data-widget_type=\"divider.default\">\n\t\t\t\t\t\t\t<div class=\"elementor-divider\">\n\t\t\t<span class=\"elementor-divider-separator\">\n\t\t\t\t\t\t<\/span>\n\t\t<\/div>\n\t\t\t\t\t\t<\/div>\n\t\t\t\t\t<\/div>\n\t\t\t\t<\/div>\n\t\t\t\t\t<\/div>\n\t\t\t\t<\/div>\n\t\t<div class=\"elementor-element elementor-element-2cf3371 e-flex e-con-boxed e-con e-parent\" data-id=\"2cf3371\" data-element_type=\"container\" data-e-type=\"container\">\n\t\t\t\t\t<div class=\"e-con-inner\">\n\t\t<div class=\"elementor-element elementor-element-49081c3 e-flex e-con-boxed e-con e-child\" data-id=\"49081c3\" data-element_type=\"container\" data-e-type=\"container\" data-settings=\"{&quot;background_background&quot;:&quot;classic&quot;}\">\n\t\t\t\t\t<div class=\"e-con-inner\">\n\t\t\t\t<div class=\"elementor-element elementor-element-3cf252b elementor-widget__width-initial elementor-widget elementor-widget-heading\" data-id=\"3cf252b\" data-element_type=\"widget\" data-e-type=\"widget\" data-widget_type=\"heading.default\">\n\t\t\t\t\t<h2 class=\"elementor-heading-title elementor-size-default\">Recomana les Ulleres Eclipse Spectrum i guanya grans comissions.<\/h2>\t\t\t\t<\/div>\n\t\t\t\t<div class=\"elementor-element elementor-element-fc5d751 elementor-align-center elementor-widget elementor-widget-button\" data-id=\"fc5d751\" data-element_type=\"widget\" data-e-type=\"widget\" data-widget_type=\"button.default\">\n\t\t\t\t\t\t\t\t\t\t<a class=\"elementor-button elementor-button-link elementor-size-sm\" href=\"https:\/\/xn--gafasparaeclipsesolarespaa-5rc.com\/es\/0030-affiliate-program\/0036-affiliate-registration\/\">\n\t\t\t\t\t\t<span class=\"elementor-button-content-wrapper\">\n\t\t\t\t\t\t<span class=\"elementor-button-icon\">\n\t\t\t\t<svg xmlns=\"http:\/\/www.w3.org\/2000\/svg\" width=\"16\" height=\"16\" viewBox=\"0 0 16 16\" fill=\"none\"><g clip-path=\"url(#clip0_1_325)\"><path d=\"M4.0213 0.0365602L4.0213 2.12626L12.3801 2.12626L0.289688 14.2167L1.78233 15.7093L13.8728 3.61891L13.8728 11.9777L15.9625 11.9777L15.9625 0.0365597L4.0213 0.0365602Z\" fill=\"white\"><\/path><\/g><defs><clipPath id=\"clip0_1_325\"><rect width=\"16\" height=\"16\" fill=\"white\"><\/rect><\/clipPath><\/defs><\/svg>\t\t\t<\/span>\n\t\t\t\t\t\t\t\t\t<span class=\"elementor-button-text\">Registra\u2019t ara<\/span>\n\t\t\t\t\t<\/span>\n\t\t\t\t\t<\/a>\n\t\t\t\t\t\t\t\t<\/div>\n\t\t\t\t\t<\/div>\n\t\t\t\t<\/div>\n\t\t\t\t\t<\/div>\n\t\t\t\t<\/div>\n\t\t<div class=\"elementor-element elementor-element-ef1bdaa e-flex e-con-boxed e-con e-parent\" data-id=\"ef1bdaa\" data-element_type=\"container\" data-e-type=\"container\">\n\t\t\t\t\t<div class=\"e-con-inner\">\n\t\t\t\t<div class=\"elementor-element elementor-element-0b6b0e0 elementor-widget__width-initial elementor-widget elementor-widget-text-editor\" data-id=\"0b6b0e0\" data-element_type=\"widget\" data-e-type=\"widget\" data-widget_type=\"text-editor.default\">\n\t\t\t\t\t\t\t\t\t<p>Un programa d\u2019afiliats \u00e9s una estrat\u00e8gia de m\u00e0rqueting basada en el rendiment que permet a persones o empreses (anomenades afiliats) promocionar els productes o serveis d\u2019una marca a canvi d\u2019una comissi\u00f3 per cada venda o acci\u00f3 aconseguida.<br>Aquest model crea una relaci\u00f3 beneficiosa per a ambdues parts:<br> els afiliats utilitzen els seus propis canals digitals \u2014com p\u00e0gines web, blogs, xarxes socials o butlletins de correu\u2014 per dirigir tr\u00e0nsit qualificat cap al web o les p\u00e0gines de destinaci\u00f3 de l\u2019empresa. <br> <\/p><p> <\/p><p>El programa fa servir enlla\u00e7os o codis de seguiment \u00fanics per registrar amb precisi\u00f3 les visites i les vendes generades per cada afiliat.<br>Quan un usuari fa clic en un d\u2019aquests enlla\u00e7os i completa una acci\u00f3 \u2014per exemple, realitza una compra o emplena un formulari\u2014, l\u2019afiliat guanya una comissi\u00f3 basada en un percentatge predefinit o una quantitat fixa.  <\/p>\t\t\t\t\t\t\t\t<\/div>\n\t\t\t\t\t<\/div>\n\t\t\t\t<\/div>\n\t\t<div class=\"elementor-element elementor-element-2d1efcd e-flex e-con-boxed e-con e-parent\" data-id=\"2d1efcd\" data-element_type=\"container\" data-e-type=\"container\" data-settings=\"{&quot;background_background&quot;:&quot;classic&quot;}\">\n\t\t\t\t\t<div class=\"e-con-inner\">\n\t\t<div class=\"elementor-element elementor-element-412988c e-flex e-con-boxed e-con e-child\" data-id=\"412988c\" data-element_type=\"container\" data-e-type=\"container\" data-settings=\"{&quot;background_background&quot;:&quot;gradient&quot;}\">\n\t\t\t\t\t<div class=\"e-con-inner\">\n\t\t<div class=\"elementor-element elementor-element-d4275d7 e-flex e-con-boxed e-con e-child\" data-id=\"d4275d7\" data-element_type=\"container\" data-e-type=\"container\" data-settings=\"{&quot;background_background&quot;:&quot;classic&quot;}\">\n\t\t\t\t\t<div class=\"e-con-inner\">\n\t\t\t\t<div class=\"elementor-element elementor-element-e3ffd64 elementor-widget elementor-widget-image\" data-id=\"e3ffd64\" data-element_type=\"widget\" data-e-type=\"widget\" data-widget_type=\"image.default\">\n\t\t\t\t\t\t\t\t\t\t\t\t\t\t\t<img fetchpriority=\"high\" decoding=\"async\" width=\"1024\" height=\"329\" src=\"https:\/\/xn--gafasparaeclipsesolarespaa-5rc.com\/wp-content\/uploads\/2026\/02\/eclipseglassesspain_spectrum_2031_affiliate_program_001-1024x329.webp\" class=\"attachment-large size-large wp-image-12805\" alt=\"People learning about online sales and affiliate marketing on a computer screen.\" srcset=\"https:\/\/xn--gafasparaeclipsesolarespaa-5rc.com\/wp-content\/uploads\/2026\/02\/eclipseglassesspain_spectrum_2031_affiliate_program_001-1024x329.webp 1024w, https:\/\/xn--gafasparaeclipsesolarespaa-5rc.com\/wp-content\/uploads\/2026\/02\/eclipseglassesspain_spectrum_2031_affiliate_program_001-300x96.webp 300w, https:\/\/xn--gafasparaeclipsesolarespaa-5rc.com\/wp-content\/uploads\/2026\/02\/eclipseglassesspain_spectrum_2031_affiliate_program_001-768x247.webp 768w, https:\/\/xn--gafasparaeclipsesolarespaa-5rc.com\/wp-content\/uploads\/2026\/02\/eclipseglassesspain_spectrum_2031_affiliate_program_001-600x193.webp 600w, https:\/\/xn--gafasparaeclipsesolarespaa-5rc.com\/wp-content\/uploads\/2026\/02\/eclipseglassesspain_spectrum_2031_affiliate_program_001.webp 1400w\" sizes=\"(max-width: 1024px) 100vw, 1024px\" \/>\t\t\t\t\t\t\t\t\t\t\t\t\t\t\t<\/div>\n\t\t\t\t\t<\/div>\n\t\t\t\t<\/div>\n\t\t<div class=\"elementor-element elementor-element-a12c74d e-con-full e-flex e-con e-child\" data-id=\"a12c74d\" data-element_type=\"container\" data-e-type=\"container\" data-settings=\"{&quot;background_background&quot;:&quot;classic&quot;}\">\n\t\t\t\t<div class=\"elementor-element elementor-element-d0247e6 elementor-widget__width-initial elementor-widget elementor-widget-text-editor\" data-id=\"d0247e6\" data-element_type=\"widget\" data-e-type=\"widget\" data-widget_type=\"text-editor.default\">\n\t\t\t\t\t\t\t\t\t<p>Els programes d&#8217;afiliats s\u00f3n una estrat\u00e8gia de m\u00e0rqueting molt rendible. Proporcionen una forma escalable d&#8217;ampliar l&#8217;abast, augmentar el reconeixement de marca i potenciar les vendes sense inc\u00f3rrer en costos de m\u00e0rqueting inicials. Els afiliats, per part seva, es beneficien d&#8217;una font fiable d&#8217;ingressos passius en promocionar productes o serveis en els quals confien i que s&#8217;alineen amb els interessos de la seva audi\u00e8ncia. L&#8217;\u00e8xit d&#8217;un programa d&#8217;afiliats dep\u00e8n d&#8217;establir relacions s\u00f2lides amb els col\u00b7laboradors, proporcionar-los els recursos i el suport necessaris, i oferir estructures de comissions competitives.    <\/p>\t\t\t\t\t\t\t\t<\/div>\n\t\t\t\t<\/div>\n\t\t\t\t\t<\/div>\n\t\t\t\t<\/div>\n\t\t\t\t\t<\/div>\n\t\t\t\t<\/div>\n\t\t<div class=\"elementor-element elementor-element-420fa11 e-con-full e-flex e-con e-parent\" data-id=\"420fa11\" data-element_type=\"container\" data-e-type=\"container\" data-settings=\"{&quot;background_background&quot;:&quot;classic&quot;}\">\n\t\t<div class=\"elementor-element elementor-element-98284b1 e-flex e-con-boxed e-con e-child\" data-id=\"98284b1\" data-element_type=\"container\" data-e-type=\"container\">\n\t\t\t\t\t<div class=\"e-con-inner\">\n\t\t<div class=\"elementor-element elementor-element-4ddc01a e-con-full e-flex e-con e-child\" data-id=\"4ddc01a\" data-element_type=\"container\" data-e-type=\"container\">\n\t\t\t\t<div class=\"elementor-element elementor-element-9724244 elementor-widget elementor-widget-image\" data-id=\"9724244\" data-element_type=\"widget\" data-e-type=\"widget\" data-widget_type=\"image.default\">\n\t\t\t\t\t\t\t\t\t\t\t\t\t\t\t<img decoding=\"async\" width=\"369\" height=\"263\" src=\"https:\/\/xn--gafasparaeclipsesolarespaa-5rc.com\/wp-content\/uploads\/2026\/02\/eclipseglassesspain_spectrum_2030_affiliate_program_CTA.webp\" class=\"attachment-large size-large wp-image-12798\" alt=\"Smiling partner holding cash encouraging users to join the Spectrum affiliate program and earn commissions.\" srcset=\"https:\/\/xn--gafasparaeclipsesolarespaa-5rc.com\/wp-content\/uploads\/2026\/02\/eclipseglassesspain_spectrum_2030_affiliate_program_CTA.webp 369w, https:\/\/xn--gafasparaeclipsesolarespaa-5rc.com\/wp-content\/uploads\/2026\/02\/eclipseglassesspain_spectrum_2030_affiliate_program_CTA-300x214.webp 300w\" sizes=\"(max-width: 369px) 100vw, 369px\" \/>\t\t\t\t\t\t\t\t\t\t\t\t\t\t\t<\/div>\n\t\t\t\t<\/div>\n\t\t<div class=\"elementor-element elementor-element-bcacfef e-con-full e-flex e-con e-child\" data-id=\"bcacfef\" data-element_type=\"container\" data-e-type=\"container\">\n\t\t\t\t<div class=\"elementor-element elementor-element-7b52844 elementor-widget elementor-widget-heading\" data-id=\"7b52844\" data-element_type=\"widget\" data-e-type=\"widget\" data-widget_type=\"heading.default\">\n\t\t\t\t\t<h2 class=\"elementor-heading-title elementor-size-default\">Recomana les Ulleres d'Eclipsi Spectrum.<\/h2>\t\t\t\t<\/div>\n\t\t\t\t<div class=\"elementor-element elementor-element-bdb381f elementor-widget elementor-widget-heading\" data-id=\"bdb381f\" data-element_type=\"widget\" data-e-type=\"widget\" data-widget_type=\"heading.default\">\n\t\t\t\t\t<h2 class=\"elementor-heading-title elementor-size-default\">Guanya grans comissions.<\/h2>\t\t\t\t<\/div>\n\t\t\t\t<div class=\"elementor-element elementor-element-736e86a elementor-align-center elementor-widget elementor-widget-button\" data-id=\"736e86a\" data-element_type=\"widget\" data-e-type=\"widget\" data-widget_type=\"button.default\">\n\t\t\t\t\t\t\t\t\t\t<a class=\"elementor-button elementor-button-link elementor-size-sm\" href=\"https:\/\/xn--gafasparaeclipsesolarespaa-5rc.com\/es\/0030-affiliate-program\/0036-affiliate-registration\/\">\n\t\t\t\t\t\t<span class=\"elementor-button-content-wrapper\">\n\t\t\t\t\t\t<span class=\"elementor-button-icon\">\n\t\t\t\t<svg xmlns=\"http:\/\/www.w3.org\/2000\/svg\" width=\"16\" height=\"16\" viewBox=\"0 0 16 16\" fill=\"none\"><g clip-path=\"url(#clip0_1_325)\"><path d=\"M4.0213 0.0365602L4.0213 2.12626L12.3801 2.12626L0.289688 14.2167L1.78233 15.7093L13.8728 3.61891L13.8728 11.9777L15.9625 11.9777L15.9625 0.0365597L4.0213 0.0365602Z\" fill=\"white\"><\/path><\/g><defs><clipPath id=\"clip0_1_325\"><rect width=\"16\" height=\"16\" fill=\"white\"><\/rect><\/clipPath><\/defs><\/svg>\t\t\t<\/span>\n\t\t\t\t\t\t\t\t\t<span class=\"elementor-button-text\">Registra\u2019t ara<\/span>\n\t\t\t\t\t<\/span>\n\t\t\t\t\t<\/a>\n\t\t\t\t\t\t\t\t<\/div>\n\t\t\t\t<\/div>\n\t\t\t\t\t<\/div>\n\t\t\t\t<\/div>\n\t\t\t\t<\/div>\n\t\t\t\t<\/div>\n\t\t","protected":false},"excerpt":{"rendered":"<p>Qu\u00e8 \u00e9s un programa d\u2019afiliats? Recomana les Ulleres Eclipse Spectrum i guanya grans comissions. Registra\u2019t ara Un programa d\u2019afiliats \u00e9s [&hellip;]<\/p>\n","protected":false},"author":58,"featured_media":0,"parent":12799,"menu_order":0,"comment_status":"closed","ping_status":"closed","template":"elementor_header_footer","meta":{"site-sidebar-layout":"no-sidebar","site-content-layout":"","ast-site-content-layout":"full-width-container","site-content-style":"default","site-sidebar-style":"default","ast-global-header-display":"","ast-banner-title-visibility":"","ast-main-header-display":"","ast-hfb-above-header-display":"","ast-hfb-below-header-display":"","ast-hfb-mobile-header-display":"","site-post-title":"","ast-breadcrumbs-content":"","ast-featured-img":"disabled","footer-sml-layout":"","ast-disable-related-posts":"","theme-transparent-header-meta":"","adv-header-id-meta":"","stick-header-meta":"","header-above-stick-meta":"","header-main-stick-meta":"","header-below-stick-meta":"","astra-migrate-meta-layouts":"default","ast-page-background-enabled":"default","ast-page-background-meta":{"desktop":{"background-color":"var(--ast-global-color-5)","background-image":"","background-repeat":"repeat","background-position":"center center","background-size":"auto","background-attachment":"scroll","background-type":"","background-media":"","overlay-type":"","overlay-color":"","overlay-opacity":"","overlay-gradient":""},"tablet":{"background-color":"","background-image":"","background-repeat":"repeat","background-position":"center center","background-size":"auto","background-attachment":"scroll","background-type":"","background-media":"","overlay-type":"","overlay-color":"","overlay-opacity":"","overlay-gradient":""},"mobile":{"background-color":"","background-image":"","background-repeat":"repeat","background-position":"center center","background-size":"auto","background-attachment":"scroll","background-type":"","background-media":"","overlay-type":"","overlay-color":"","overlay-opacity":"","overlay-gradient":""}},"ast-content-background-meta":{"desktop":{"background-color":"var(--ast-global-color-4)","background-image":"","background-repeat":"repeat","background-position":"center center","background-size":"auto","background-attachment":"scroll","background-type":"","background-media":"","overlay-type":"","overlay-color":"","overlay-opacity":"","overlay-gradient":""},"tablet":{"background-color":"var(--ast-global-color-4)","background-image":"","background-repeat":"repeat","background-position":"center center","background-size":"auto","background-attachment":"scroll","background-type":"","background-media":"","overlay-type":"","overlay-color":"","overlay-opacity":"","overlay-gradient":""},"mobile":{"background-color":"var(--ast-global-color-4)","background-image":"","background-repeat":"repeat","background-position":"center center","background-size":"auto","background-attachment":"scroll","background-type":"","background-media":"","overlay-type":"","overlay-color":"","overlay-opacity":"","overlay-gradient":""}},"_glsr_average":0,"_glsr_ranking":0,"_glsr_reviews":0,"footnotes":""},"class_list":["post-12806","page","type-page","status-publish","hentry"],"_links":{"self":[{"href":"https:\/\/xn--gafasparaeclipsesolarespaa-5rc.com\/ca\/wp-json\/wp\/v2\/pages\/12806","targetHints":{"allow":["GET"]}}],"collection":[{"href":"https:\/\/xn--gafasparaeclipsesolarespaa-5rc.com\/ca\/wp-json\/wp\/v2\/pages"}],"about":[{"href":"https:\/\/xn--gafasparaeclipsesolarespaa-5rc.com\/ca\/wp-json\/wp\/v2\/types\/page"}],"author":[{"embeddable":true,"href":"https:\/\/xn--gafasparaeclipsesolarespaa-5rc.com\/ca\/wp-json\/wp\/v2\/users\/58"}],"replies":[{"embeddable":true,"href":"https:\/\/xn--gafasparaeclipsesolarespaa-5rc.com\/ca\/wp-json\/wp\/v2\/comments?post=12806"}],"version-history":[{"count":5,"href":"https:\/\/xn--gafasparaeclipsesolarespaa-5rc.com\/ca\/wp-json\/wp\/v2\/pages\/12806\/revisions"}],"predecessor-version":[{"id":12947,"href":"https:\/\/xn--gafasparaeclipsesolarespaa-5rc.com\/ca\/wp-json\/wp\/v2\/pages\/12806\/revisions\/12947"}],"up":[{"embeddable":true,"href":"https:\/\/xn--gafasparaeclipsesolarespaa-5rc.com\/ca\/wp-json\/wp\/v2\/pages\/12799"}],"wp:attachment":[{"href":"https:\/\/xn--gafasparaeclipsesolarespaa-5rc.com\/ca\/wp-json\/wp\/v2\/media?parent=12806"}],"curies":[{"name":"wp","href":"https:\/\/api.w.org\/{rel}","templated":true}]}}