{"id":12795,"date":"2025-10-29T15:17:22","date_gmt":"2025-10-29T14:17:22","guid":{"rendered":"https:\/\/xn--gafasparaeclipsesolarespaa-5rc.com\/0020-promocions-i-esdeveniments\/0029-promocio-6-esdeveniments\/"},"modified":"2026-04-10T11:15:59","modified_gmt":"2026-04-10T09:15:59","slug":"esdeveniments-de-regals","status":"publish","type":"page","link":"https:\/\/xn--gafasparaeclipsesolarespaa-5rc.com\/ca\/spectrum-promocions-i-esdeveniments\/esdeveniments-de-regals\/","title":{"rendered":"1029-Promoci\u00f3 6 &#8211; Esdeveniments"},"content":{"rendered":"\t\t<div data-elementor-type=\"wp-page\" data-elementor-id=\"12795\" class=\"elementor elementor-12795\" data-elementor-post-type=\"page\">\n\t\t\t\t<div class=\"elementor-element elementor-element-1598ed3 e-flex e-con-boxed e-con e-parent\" data-id=\"1598ed3\" data-element_type=\"container\" data-e-type=\"container\" data-settings=\"{&quot;background_background&quot;:&quot;classic&quot;}\">\n\t\t\t\t\t<div class=\"e-con-inner\">\n\t\t<div class=\"elementor-element elementor-element-ab32e47 pge-bnr e-flex e-con-boxed e-con e-child\" data-id=\"ab32e47\" data-element_type=\"container\" data-e-type=\"container\">\n\t\t\t\t\t<div class=\"e-con-inner\">\n\t\t\t\t<div class=\"elementor-element elementor-element-ef542ae elementor-widget__width-initial elementor-widget elementor-widget-heading\" data-id=\"ef542ae\" data-element_type=\"widget\" data-e-type=\"widget\" data-widget_type=\"heading.default\">\n\t\t\t\t\t<h1 class=\"elementor-heading-title elementor-size-default\">Esdeveniments de regals Spectrum<\/h1>\t\t\t\t<\/div>\n\t\t\t\t<div class=\"elementor-element elementor-element-0a35d86 elementor-widget-divider--view-line elementor-widget elementor-widget-divider\" data-id=\"0a35d86\" data-element_type=\"widget\" data-e-type=\"widget\" data-widget_type=\"divider.default\">\n\t\t\t\t\t\t\t<div class=\"elementor-divider\">\n\t\t\t<span class=\"elementor-divider-separator\">\n\t\t\t\t\t\t<\/span>\n\t\t<\/div>\n\t\t\t\t\t\t<\/div>\n\t\t\t\t\t<\/div>\n\t\t\t\t<\/div>\n\t\t\t\t\t<\/div>\n\t\t\t\t<\/div>\n\t\t<div class=\"elementor-element elementor-element-8e4a190 e-con-full e-flex e-con e-parent\" data-id=\"8e4a190\" data-element_type=\"container\" data-e-type=\"container\">\n\t\t<div class=\"elementor-element elementor-element-1e15350 photo-pge e-con-full e-flex e-con e-child\" data-id=\"1e15350\" data-element_type=\"container\" data-e-type=\"container\" data-settings=\"{&quot;background_background&quot;:&quot;gradient&quot;}\">\n\t\t\t\t<div class=\"elementor-element elementor-element-6d75ddc elementor-widget__width-initial elementor-widget-mobile__width-inherit elementor-widget elementor-widget-text-editor\" data-id=\"6d75ddc\" data-element_type=\"widget\" data-e-type=\"widget\" data-widget_type=\"text-editor.default\">\n\t\t\t\t\t\t\t\t\t<p><span style=\"font-weight: 400;\">A partir de juny i fins a la setmana de l\u2019eclipsi solar, Spectrum organitzar\u00e0 o participar\u00e0 en esdeveniments p\u00fablics gaireb\u00e9 cada setmana.<\/span><\/p><p>\ud83c\udf81 Durant aquests esdeveniments, regalarem <strong><span style=\"font-weight: 400;\"><span style=\"font-weight: 400;\">centenars d\u2019Ulleres Eclipse Spectrum totalment GRATIS.<\/span><\/span><\/strong><\/p><p>Segueix-nos per a saber quan i on.<br><\/p>\t\t\t\t\t\t\t\t<\/div>\n\t\t\t\t<div class=\"elementor-element elementor-element-364e422 elementor-hidden-desktop elementor-hidden-laptop elementor-hidden-tablet_extra elementor-hidden-tablet elementor-hidden-mobile_extra elementor-widget elementor-widget-image\" data-id=\"364e422\" data-element_type=\"widget\" data-e-type=\"widget\" data-widget_type=\"image.default\">\n\t\t\t\t\t\t\t\t\t\t\t\t\t\t\t<img fetchpriority=\"high\" decoding=\"async\" width=\"683\" height=\"1024\" src=\"https:\/\/xn--gafasparaeclipsesolarespaa-5rc.com\/wp-content\/uploads\/2026\/02\/eclipseglassesspain_spectrum_2026_promotions_001_win-win_vertical-683x1024.webp\" class=\"attachment-large size-large wp-image-12792\" alt=\"Join Spectrum free giveaway events to receive free solar eclipse glasses and follow for event locations in Spain.\" srcset=\"https:\/\/xn--gafasparaeclipsesolarespaa-5rc.com\/wp-content\/uploads\/2026\/02\/eclipseglassesspain_spectrum_2026_promotions_001_win-win_vertical-683x1024.webp 683w, https:\/\/xn--gafasparaeclipsesolarespaa-5rc.com\/wp-content\/uploads\/2026\/02\/eclipseglassesspain_spectrum_2026_promotions_001_win-win_vertical-200x300.webp 200w, https:\/\/xn--gafasparaeclipsesolarespaa-5rc.com\/wp-content\/uploads\/2026\/02\/eclipseglassesspain_spectrum_2026_promotions_001_win-win_vertical-768x1152.webp 768w, https:\/\/xn--gafasparaeclipsesolarespaa-5rc.com\/wp-content\/uploads\/2026\/02\/eclipseglassesspain_spectrum_2026_promotions_001_win-win_vertical-600x900.webp 600w, https:\/\/xn--gafasparaeclipsesolarespaa-5rc.com\/wp-content\/uploads\/2026\/02\/eclipseglassesspain_spectrum_2026_promotions_001_win-win_vertical.webp 1024w\" sizes=\"(max-width: 683px) 100vw, 683px\" \/>\t\t\t\t\t\t\t\t\t\t\t\t\t\t\t<\/div>\n\t\t\t\t<div class=\"elementor-element elementor-element-20b4ef4 elementor-hidden-mobile elementor-widget elementor-widget-image\" data-id=\"20b4ef4\" data-element_type=\"widget\" data-e-type=\"widget\" data-widget_type=\"image.default\">\n\t\t\t\t\t\t\t\t\t\t\t\t\t\t\t<img decoding=\"async\" width=\"1024\" height=\"573\" src=\"https:\/\/xn--gafasparaeclipsesolarespaa-5rc.com\/wp-content\/uploads\/2026\/02\/eclipseglassesspain_spectrum_2026_promotions_001_win-win-1024x573.webp\" class=\"attachment-large size-large wp-image-12793\" alt=\"Free giveaway events offering thousands of Spectrum solar eclipse glasses in Spain with large public crowd.\" srcset=\"https:\/\/xn--gafasparaeclipsesolarespaa-5rc.com\/wp-content\/uploads\/2026\/02\/eclipseglassesspain_spectrum_2026_promotions_001_win-win-1024x573.webp 1024w, https:\/\/xn--gafasparaeclipsesolarespaa-5rc.com\/wp-content\/uploads\/2026\/02\/eclipseglassesspain_spectrum_2026_promotions_001_win-win-300x168.webp 300w, https:\/\/xn--gafasparaeclipsesolarespaa-5rc.com\/wp-content\/uploads\/2026\/02\/eclipseglassesspain_spectrum_2026_promotions_001_win-win-768x430.webp 768w, https:\/\/xn--gafasparaeclipsesolarespaa-5rc.com\/wp-content\/uploads\/2026\/02\/eclipseglassesspain_spectrum_2026_promotions_001_win-win-600x336.webp 600w, https:\/\/xn--gafasparaeclipsesolarespaa-5rc.com\/wp-content\/uploads\/2026\/02\/eclipseglassesspain_spectrum_2026_promotions_001_win-win.webp 1536w\" sizes=\"(max-width: 1024px) 100vw, 1024px\" \/>\t\t\t\t\t\t\t\t\t\t\t\t\t\t\t<\/div>\n\t\t\t\t<div class=\"elementor-element elementor-element-2d43ce6 elementor-shape-circle elementor-grid-0 e-grid-align-center elementor-widget elementor-widget-social-icons\" data-id=\"2d43ce6\" data-element_type=\"widget\" data-e-type=\"widget\" data-widget_type=\"social-icons.default\">\n\t\t\t\t\t\t\t<div class=\"elementor-social-icons-wrapper elementor-grid\" role=\"list\">\n\t\t\t\t\t\t\t<span class=\"elementor-grid-item\" role=\"listitem\">\n\t\t\t\t\t<a class=\"elementor-icon elementor-social-icon elementor-social-icon-facebook-f elementor-repeater-item-678f2f2\" href=\"https:\/\/www.facebook.com\/gafasparaeclipsesolar\" target=\"_blank\" rel=\"noopener\">\n\t\t\t\t\t\t<span class=\"elementor-screen-only\">Facebook-f<\/span>\n\t\t\t\t\t\t<svg aria-hidden=\"true\" class=\"e-font-icon-svg e-fab-facebook-f\" viewBox=\"0 0 320 512\" xmlns=\"http:\/\/www.w3.org\/2000\/svg\"><path d=\"M279.14 288l14.22-92.66h-88.91v-60.13c0-25.35 12.42-50.06 52.24-50.06h40.42V6.26S260.43 0 225.36 0c-73.22 0-121.08 44.38-121.08 124.72v70.62H22.89V288h81.39v224h100.17V288z\"><\/path><\/svg>\t\t\t\t\t<\/a>\n\t\t\t\t<\/span>\n\t\t\t\t\t\t\t<span class=\"elementor-grid-item\" role=\"listitem\">\n\t\t\t\t\t<a class=\"elementor-icon elementor-social-icon elementor-social-icon-instagram elementor-repeater-item-76b0907\" href=\"https:\/\/www.instagram.com\/gafasparaeclipsesolar\/\" target=\"_blank\" rel=\"noopener\">\n\t\t\t\t\t\t<span class=\"elementor-screen-only\">Instagram<\/span>\n\t\t\t\t\t\t<svg aria-hidden=\"true\" class=\"e-font-icon-svg e-fab-instagram\" viewBox=\"0 0 448 512\" xmlns=\"http:\/\/www.w3.org\/2000\/svg\"><path d=\"M224.1 141c-63.6 0-114.9 51.3-114.9 114.9s51.3 114.9 114.9 114.9S339 319.5 339 255.9 287.7 141 224.1 141zm0 189.6c-41.1 0-74.7-33.5-74.7-74.7s33.5-74.7 74.7-74.7 74.7 33.5 74.7 74.7-33.6 74.7-74.7 74.7zm146.4-194.3c0 14.9-12 26.8-26.8 26.8-14.9 0-26.8-12-26.8-26.8s12-26.8 26.8-26.8 26.8 12 26.8 26.8zm76.1 27.2c-1.7-35.9-9.9-67.7-36.2-93.9-26.2-26.2-58-34.4-93.9-36.2-37-2.1-147.9-2.1-184.9 0-35.8 1.7-67.6 9.9-93.9 36.1s-34.4 58-36.2 93.9c-2.1 37-2.1 147.9 0 184.9 1.7 35.9 9.9 67.7 36.2 93.9s58 34.4 93.9 36.2c37 2.1 147.9 2.1 184.9 0 35.9-1.7 67.7-9.9 93.9-36.2 26.2-26.2 34.4-58 36.2-93.9 2.1-37 2.1-147.8 0-184.8zM398.8 388c-7.8 19.6-22.9 34.7-42.6 42.6-29.5 11.7-99.5 9-132.1 9s-102.7 2.6-132.1-9c-19.6-7.8-34.7-22.9-42.6-42.6-11.7-29.5-9-99.5-9-132.1s-2.6-102.7 9-132.1c7.8-19.6 22.9-34.7 42.6-42.6 29.5-11.7 99.5-9 132.1-9s102.7-2.6 132.1 9c19.6 7.8 34.7 22.9 42.6 42.6 11.7 29.5 9 99.5 9 132.1s2.7 102.7-9 132.1z\"><\/path><\/svg>\t\t\t\t\t<\/a>\n\t\t\t\t<\/span>\n\t\t\t\t\t\t\t<span class=\"elementor-grid-item\" role=\"listitem\">\n\t\t\t\t\t<a class=\"elementor-icon elementor-social-icon elementor-social-icon-tiktok elementor-repeater-item-e918a02\" href=\"https:\/\/www.tiktok.com\/@gafasparaeclipsesolar\" target=\"_blank\" rel=\"noopener\">\n\t\t\t\t\t\t<span class=\"elementor-screen-only\">Tiktok<\/span>\n\t\t\t\t\t\t<svg aria-hidden=\"true\" class=\"e-font-icon-svg e-fab-tiktok\" viewBox=\"0 0 448 512\" xmlns=\"http:\/\/www.w3.org\/2000\/svg\"><path d=\"M448,209.91a210.06,210.06,0,0,1-122.77-39.25V349.38A162.55,162.55,0,1,1,185,188.31V278.2a74.62,74.62,0,1,0,52.23,71.18V0l88,0a121.18,121.18,0,0,0,1.86,22.17h0A122.18,122.18,0,0,0,381,102.39a121.43,121.43,0,0,0,67,20.14Z\"><\/path><\/svg>\t\t\t\t\t<\/a>\n\t\t\t\t<\/span>\n\t\t\t\t\t\t\t<span class=\"elementor-grid-item\" role=\"listitem\">\n\t\t\t\t\t<a class=\"elementor-icon elementor-social-icon elementor-social-icon-x-twitter elementor-repeater-item-8c70bd3\" href=\"https:\/\/x.com\/Spectrum_EG\" target=\"_blank\">\n\t\t\t\t\t\t<span class=\"elementor-screen-only\">X-twitter<\/span>\n\t\t\t\t\t\t<svg aria-hidden=\"true\" class=\"e-font-icon-svg e-fab-x-twitter\" viewBox=\"0 0 512 512\" xmlns=\"http:\/\/www.w3.org\/2000\/svg\"><path d=\"M389.2 48h70.6L305.6 224.2 487 464H345L233.7 318.6 106.5 464H35.8L200.7 275.5 26.8 48H172.4L272.9 180.9 389.2 48zM364.4 421.8h39.1L151.1 88h-42L364.4 421.8z\"><\/path><\/svg>\t\t\t\t\t<\/a>\n\t\t\t\t<\/span>\n\t\t\t\t\t<\/div>\n\t\t\t\t\t\t<\/div>\n\t\t\t\t<\/div>\n\t\t\t\t<\/div>\n\t\t<div class=\"elementor-element elementor-element-c90c11e e-flex e-con-boxed e-con e-parent\" data-id=\"c90c11e\" data-element_type=\"container\" data-e-type=\"container\" data-settings=\"{&quot;background_background&quot;:&quot;classic&quot;}\">\n\t\t\t\t\t<div class=\"e-con-inner\">\n\t\t<div class=\"elementor-element elementor-element-6f2e55c e-con-full e-flex e-con e-child\" data-id=\"6f2e55c\" data-element_type=\"container\" data-e-type=\"container\" data-settings=\"{&quot;background_background&quot;:&quot;classic&quot;}\">\n\t\t<div class=\"elementor-element elementor-element-b728102 e-con-full e-flex e-con e-child\" data-id=\"b728102\" data-element_type=\"container\" data-e-type=\"container\">\n\t\t<div class=\"elementor-element elementor-element-03e31db e-con-full e-flex e-con e-child\" data-id=\"03e31db\" data-element_type=\"container\" data-e-type=\"container\">\n\t\t\t\t<div class=\"elementor-element elementor-element-3bd47b1 elementor-widget__width-initial elementor-widget elementor-widget-heading\" data-id=\"3bd47b1\" data-element_type=\"widget\" data-e-type=\"widget\" data-widget_type=\"heading.default\">\n\t\t\t\t\t<h2 class=\"elementor-heading-title elementor-size-default\">Tots els clients que efectu\u00efn una compra quedaran autom\u00e0ticament registrats en el nostre <span style=\"color:#E95900\">programa Guanyar-Guanya<\/span>r.<\/h2>\t\t\t\t<\/div>\n\t\t\t\t<div class=\"elementor-element elementor-element-0e2d426 elementor-widget__width-initial elementor-widget-mobile__width-initial elementor-widget elementor-widget-text-editor\" data-id=\"0e2d426\" data-element_type=\"widget\" data-e-type=\"widget\" data-widget_type=\"text-editor.default\">\n\t\t\t\t\t\t\t\t\t<p>Tots els clients que realitzin una comanda participen tamb\u00e9 autom\u00e0ticament en els Sortejos de <a style=\"text-decoration: none; color: #e95900;\" href=\"https:\/\/xn--gafasparaeclipsesolarespaa-5rc.com\/es\/0020-promotions-y-events\/0023-promotion-5-picnic\/\"><strong>Cistelles de P\u00edcnic per a l&#8217;Eclipsi<\/strong> <\/a>i poden, a m\u00e9s, participar en el <strong><a style=\"text-decoration: none; color: #e95900;\" href=\"https:\/\/xn--gafasparaeclipsesolarespaa-5rc.com\/es\/?page_id=11788\">Concurs de Fotografia Spectrum<\/a><\/strong>.<\/p>\t\t\t\t\t\t\t\t<\/div>\n\t\t\t\t<\/div>\n\t\t<div class=\"elementor-element elementor-element-5e7d447 e-con-full elementor-hidden-tablet elementor-hidden-mobile_extra elementor-hidden-mobile e-flex e-con e-child\" data-id=\"5e7d447\" data-element_type=\"container\" data-e-type=\"container\">\n\t\t\t\t<\/div>\n\t\t\t\t<\/div>\n\t\t<div class=\"elementor-element elementor-element-054c726 e-con-full e-flex e-con e-child\" data-id=\"054c726\" data-element_type=\"container\" data-e-type=\"container\">\n\t\t\t\t<div class=\"elementor-element elementor-element-4e136e2 elementor-align-left elementor-widget elementor-widget-button\" data-id=\"4e136e2\" data-element_type=\"widget\" data-e-type=\"widget\" data-widget_type=\"button.default\">\n\t\t\t\t\t\t\t\t\t\t<a class=\"elementor-button elementor-button-link elementor-size-sm\" href=\"https:\/\/xn--gafasparaeclipsesolarespaa-5rc.com\/producto\/comprar-gafas-eclipse-solar-spectrum-homologadas\/\">\n\t\t\t\t\t\t<span class=\"elementor-button-content-wrapper\">\n\t\t\t\t\t\t<span class=\"elementor-button-icon\">\n\t\t\t\t<svg xmlns=\"http:\/\/www.w3.org\/2000\/svg\" width=\"16\" height=\"16\" viewBox=\"0 0 16 16\" fill=\"none\"><g clip-path=\"url(#clip0_1_325)\"><path d=\"M4.0213 0.0365602L4.0213 2.12626L12.3801 2.12626L0.289688 14.2167L1.78233 15.7093L13.8728 3.61891L13.8728 11.9777L15.9625 11.9777L15.9625 0.0365597L4.0213 0.0365602Z\" fill=\"white\"><\/path><\/g><defs><clipPath id=\"clip0_1_325\"><rect width=\"16\" height=\"16\" fill=\"white\"><\/rect><\/clipPath><\/defs><\/svg>\t\t\t<\/span>\n\t\t\t\t\t\t\t\t\t<span class=\"elementor-button-text\">Compra les teves ulleres ara<\/span>\n\t\t\t\t\t<\/span>\n\t\t\t\t\t<\/a>\n\t\t\t\t\t\t\t\t<\/div>\n\t\t\t\t<\/div>\n\t\t\t\t<\/div>\n\t\t\t\t\t<\/div>\n\t\t\t\t<\/div>\n\t\t\t\t<\/div>\n\t\t","protected":false},"excerpt":{"rendered":"<p>Esdeveniments de regals Spectrum A partir de juny i fins a la setmana de l\u2019eclipsi solar, Spectrum organitzar\u00e0 o participar\u00e0 [&hellip;]<\/p>\n","protected":false},"author":58,"featured_media":0,"parent":12743,"menu_order":0,"comment_status":"closed","ping_status":"closed","template":"","meta":{"site-sidebar-layout":"no-sidebar","site-content-layout":"","ast-site-content-layout":"full-width-container","site-content-style":"default","site-sidebar-style":"default","ast-global-header-display":"","ast-banner-title-visibility":"","ast-main-header-display":"","ast-hfb-above-header-display":"","ast-hfb-below-header-display":"","ast-hfb-mobile-header-display":"","site-post-title":"disabled","ast-breadcrumbs-content":"","ast-featured-img":"disabled","footer-sml-layout":"","ast-disable-related-posts":"","theme-transparent-header-meta":"","adv-header-id-meta":"","stick-header-meta":"","header-above-stick-meta":"","header-main-stick-meta":"","header-below-stick-meta":"","astra-migrate-meta-layouts":"default","ast-page-background-enabled":"default","ast-page-background-meta":{"desktop":{"background-color":"var(--ast-global-color-5)","background-image":"","background-repeat":"repeat","background-position":"center center","background-size":"auto","background-attachment":"scroll","background-type":"","background-media":"","overlay-type":"","overlay-color":"","overlay-opacity":"","overlay-gradient":""},"tablet":{"background-color":"","background-image":"","background-repeat":"repeat","background-position":"center center","background-size":"auto","background-attachment":"scroll","background-type":"","background-media":"","overlay-type":"","overlay-color":"","overlay-opacity":"","overlay-gradient":""},"mobile":{"background-color":"","background-image":"","background-repeat":"repeat","background-position":"center center","background-size":"auto","background-attachment":"scroll","background-type":"","background-media":"","overlay-type":"","overlay-color":"","overlay-opacity":"","overlay-gradient":""}},"ast-content-background-meta":{"desktop":{"background-color":"var(--ast-global-color-4)","background-image":"","background-repeat":"repeat","background-position":"center center","background-size":"auto","background-attachment":"scroll","background-type":"","background-media":"","overlay-type":"","overlay-color":"","overlay-opacity":"","overlay-gradient":""},"tablet":{"background-color":"var(--ast-global-color-4)","background-image":"","background-repeat":"repeat","background-position":"center center","background-size":"auto","background-attachment":"scroll","background-type":"","background-media":"","overlay-type":"","overlay-color":"","overlay-opacity":"","overlay-gradient":""},"mobile":{"background-color":"var(--ast-global-color-4)","background-image":"","background-repeat":"repeat","background-position":"center center","background-size":"auto","background-attachment":"scroll","background-type":"","background-media":"","overlay-type":"","overlay-color":"","overlay-opacity":"","overlay-gradient":""}},"_glsr_average":0,"_glsr_ranking":0,"_glsr_reviews":0,"footnotes":""},"class_list":["post-12795","page","type-page","status-publish","hentry"],"_links":{"self":[{"href":"https:\/\/xn--gafasparaeclipsesolarespaa-5rc.com\/ca\/wp-json\/wp\/v2\/pages\/12795","targetHints":{"allow":["GET"]}}],"collection":[{"href":"https:\/\/xn--gafasparaeclipsesolarespaa-5rc.com\/ca\/wp-json\/wp\/v2\/pages"}],"about":[{"href":"https:\/\/xn--gafasparaeclipsesolarespaa-5rc.com\/ca\/wp-json\/wp\/v2\/types\/page"}],"author":[{"embeddable":true,"href":"https:\/\/xn--gafasparaeclipsesolarespaa-5rc.com\/ca\/wp-json\/wp\/v2\/users\/58"}],"replies":[{"embeddable":true,"href":"https:\/\/xn--gafasparaeclipsesolarespaa-5rc.com\/ca\/wp-json\/wp\/v2\/comments?post=12795"}],"version-history":[{"count":2,"href":"https:\/\/xn--gafasparaeclipsesolarespaa-5rc.com\/ca\/wp-json\/wp\/v2\/pages\/12795\/revisions"}],"predecessor-version":[{"id":12945,"href":"https:\/\/xn--gafasparaeclipsesolarespaa-5rc.com\/ca\/wp-json\/wp\/v2\/pages\/12795\/revisions\/12945"}],"up":[{"embeddable":true,"href":"https:\/\/xn--gafasparaeclipsesolarespaa-5rc.com\/ca\/wp-json\/wp\/v2\/pages\/12743"}],"wp:attachment":[{"href":"https:\/\/xn--gafasparaeclipsesolarespaa-5rc.com\/ca\/wp-json\/wp\/v2\/media?parent=12795"}],"curies":[{"name":"wp","href":"https:\/\/api.w.org\/{rel}","templated":true}]}}