{"id":12730,"date":"2025-10-13T17:39:13","date_gmt":"2025-10-13T15:39:13","guid":{"rendered":"https:\/\/xn--gafasparaeclipsesolarespaa-5rc.com\/0018-avis-legal\/"},"modified":"2026-04-10T11:07:11","modified_gmt":"2026-04-10T09:07:11","slug":"avis-legal","status":"publish","type":"page","link":"https:\/\/xn--gafasparaeclipsesolarespaa-5rc.com\/ca\/avis-legal\/","title":{"rendered":"1018-Av\u00eds legal"},"content":{"rendered":"\t\t<div data-elementor-type=\"wp-page\" data-elementor-id=\"12730\" class=\"elementor elementor-12730\" data-elementor-post-type=\"page\">\n\t\t\t\t<div class=\"elementor-element elementor-element-5687102 e-flex e-con-boxed e-con e-parent\" data-id=\"5687102\" data-element_type=\"container\" data-e-type=\"container\" data-settings=\"{&quot;background_background&quot;:&quot;classic&quot;}\">\n\t\t\t\t\t<div class=\"e-con-inner\">\n\t\t<div class=\"elementor-element elementor-element-b5d5cb9 pge-bnr e-flex e-con-boxed e-con e-child\" data-id=\"b5d5cb9\" data-element_type=\"container\" data-e-type=\"container\">\n\t\t\t\t\t<div class=\"e-con-inner\">\n\t\t\t\t<div class=\"elementor-element elementor-element-51b5a16 elementor-widget elementor-widget-heading\" data-id=\"51b5a16\" data-element_type=\"widget\" data-e-type=\"widget\" data-widget_type=\"heading.default\">\n\t\t\t\t\t<h1 class=\"elementor-heading-title elementor-size-default\">Av\u00eds legal<\/h1>\t\t\t\t<\/div>\n\t\t\t\t<div class=\"elementor-element elementor-element-73a30f2 elementor-widget-divider--view-line elementor-widget elementor-widget-divider\" data-id=\"73a30f2\" data-element_type=\"widget\" data-e-type=\"widget\" data-widget_type=\"divider.default\">\n\t\t\t\t\t\t\t<div class=\"elementor-divider\">\n\t\t\t<span class=\"elementor-divider-separator\">\n\t\t\t\t\t\t<\/span>\n\t\t<\/div>\n\t\t\t\t\t\t<\/div>\n\t\t\t\t\t<\/div>\n\t\t\t\t<\/div>\n\t\t\t\t\t<\/div>\n\t\t\t\t<\/div>\n\t\t<div class=\"elementor-element elementor-element-05932de e-flex e-con-boxed e-con e-parent\" data-id=\"05932de\" data-element_type=\"container\" data-e-type=\"container\">\n\t\t\t\t\t<div class=\"e-con-inner\">\n\t\t<div class=\"elementor-element elementor-element-777eb8f e-con-full e-flex e-con e-child\" data-id=\"777eb8f\" data-element_type=\"container\" data-e-type=\"container\">\n\t\t\t\t<div class=\"elementor-element elementor-element-6ff4fd0 elementor-widget elementor-widget-heading\" data-id=\"6ff4fd0\" data-element_type=\"widget\" data-e-type=\"widget\" data-widget_type=\"heading.default\">\n\t\t\t\t\t<h2 class=\"elementor-heading-title elementor-size-default\">Els nostres Termes i Pol\u00edtiques<\/h2>\t\t\t\t<\/div>\n\t\t\t\t<div class=\"elementor-element elementor-element-928cad3 elementor-widget-tablet_extra__width-initial elementor-widget elementor-widget-text-editor\" data-id=\"928cad3\" data-element_type=\"widget\" data-e-type=\"widget\" data-widget_type=\"text-editor.default\">\n\t\t\t\t\t\t\t\t\t<p>Benvingut a <strong><a href=\"https:\/\/xn--gafasparaeclipsesolarespaa-5rc.com\/es\/\">gafasparaeclipsesolarespa\u00f1a.com<\/a><\/strong>, un lloc web propietat d&#8217;i operat per <strong>Peitho M\u00e0rqueting LLC<\/strong>, <span style=\"font-weight: 400;\">una societat constitu\u00efda sota les lleis dels Estats Units, amb domicili social en 539 W. Commerce St #4973, Dallas, TX 75208, els Estats Units, i inscrita a Espanya amb el N\u00famero d&#8217;Identificaci\u00f3 Fiscal (NIF) N0396110I (d&#8217;ara endavant, denominada &#8220;Spectrum&#8221;).<\/span><\/p><p><span style=\"font-weight: 400;\">La marca <strong>Spectrum Eclipsi Glasses\u2122<\/strong> \u00e9s una marca registrada utilitzada per Peitho M\u00e0rqueting LLC en relaci\u00f3 amb els productes i serveis oferts en aquest lloc web.<\/span><\/p><p>En accedir i utilitzar aquest lloc web, acceptes quedar vinculat pels nostres Termes Generals d\u2019\u00das i les nostres pol\u00edtiques. Et recomanem llegir-los atentament per entendre els teus drets i obligacions en interactuar amb Spectrum. <\/p>\t\t\t\t\t\t\t\t<\/div>\n\t\t\t\t<div class=\"elementor-element elementor-element-253fa3b elementor-widget-tablet_extra__width-initial elementor-widget elementor-widget-text-editor\" data-id=\"253fa3b\" data-element_type=\"widget\" data-e-type=\"widget\" data-widget_type=\"text-editor.default\">\n\t\t\t\t\t\t\t\t\t<ul><li><strong>Termes i Condicions del Servei:<\/strong> <a href=\"https:\/\/xn--gafasparaeclipsesolarespaa-5rc.com\/0013-terms-and-conditions\/\">https:\/\/gafasparaeclipsesolarespa\u00f1a.com\/terms-and-conditions\/<\/a><\/li><li><strong>Pol\u00edtica d\u2019Enviaments: <\/strong><a href=\"https:\/\/xn--gafasparaeclipsesolarespaa-5rc.com\/0017-shipping\/\">https:\/\/gafasparaeclipsesolarespa\u00f1a.com\/shipping-policy\/<\/a><\/li><li><strong>Pol\u00edtica i Condicions de Reemborsament: <\/strong>[Insert Link]<\/li><li><strong>Pol\u00edtica de Privacitat: <\/strong><a href=\"https:\/\/xn--gafasparaeclipsesolarespaa-5rc.com\/0015-privacy-policy\/\">https:\/\/gafasparaeclipsesolarespa\u00f1a.com\/privacy-policy\/<\/a><\/li><li><strong>Pol\u00edtica de Cookies: <\/strong><a href=\"https:\/\/xn--gafasparaeclipsesolarespaa-5rc.com\/0014-cookies-policy\/\">https:\/\/gafasparaeclipsesolarespa\u00f1a.com\/cookies-policy\/<\/a><\/li><\/ul>\t\t\t\t\t\t\t\t<\/div>\n\t\t\t\t<div class=\"elementor-element elementor-element-08fe20a elementor-widget-tablet_extra__width-initial elementor-widget elementor-widget-text-editor\" data-id=\"08fe20a\" data-element_type=\"widget\" data-e-type=\"widget\" data-widget_type=\"text-editor.default\">\n\t\t\t\t\t\t\t\t\t<p>Aquests documents expliquen com operem, com es recopilen i utilitzen les teves dades personals, i qu\u00e8 pots esperar en comprar<span style=\"color: #000000;\"><strong> ulleres per a eclipsi solar Spectrum<\/strong><\/span>, o b\u00e9 en participar en el nostre programa d\u2019afiliats, sorteigs o altres promocions.<\/p><p>L\u2019usuari es compromet a utilitzar aquest lloc web d\u2019acord amb la legislaci\u00f3 vigent, les pol\u00edtiques esmentades i de manera que no causi perjudici o menyscapti els drets de Spectrum ni de tercers.<\/p>\t\t\t\t\t\t\t\t<\/div>\n\t\t\t\t<div class=\"elementor-element elementor-element-7fc0516 elementor-widget elementor-widget-heading\" data-id=\"7fc0516\" data-element_type=\"widget\" data-e-type=\"widget\" data-widget_type=\"heading.default\">\n\t\t\t\t\t<h2 class=\"elementor-heading-title elementor-size-default\">Contacte<\/h2>\t\t\t\t<\/div>\n\t\t\t\t<div class=\"elementor-element elementor-element-4c2d688 elementor-widget-tablet_extra__width-initial elementor-widget elementor-widget-text-editor\" data-id=\"4c2d688\" data-element_type=\"widget\" data-e-type=\"widget\" data-widget_type=\"text-editor.default\">\n\t\t\t\t\t\t\t\t\t<p>Si tens qualsevol pregunta, dubte o sol\u00b7licitud relacionada amb els nostres termes legals o pol\u00edtiques, pots posar-te en contacte amb nosaltres a trav\u00e9s de qualsevol dels canals indicats al nostre <a href=\"https:\/\/xn--gafasparaeclipsesolarespaa-5rc.com\/es\/0012-contact\/\">Formulari de Contacte<\/a>.<\/p>\t\t\t\t\t\t\t\t<\/div>\n\t\t\t\t<\/div>\n\t\t\t\t\t<\/div>\n\t\t\t\t<\/div>\n\t\t\t\t<\/div>\n\t\t","protected":false},"excerpt":{"rendered":"<p>Av\u00eds legal Els nostres Termes i Pol\u00edtiques Benvingut a gafasparaeclipsesolarespa\u00f1a.com, un lloc web propietat d&#8217;i operat per Peitho M\u00e0rqueting LLC, [&hellip;]<\/p>\n","protected":false},"author":58,"featured_media":0,"parent":0,"menu_order":0,"comment_status":"closed","ping_status":"closed","template":"","meta":{"site-sidebar-layout":"no-sidebar","site-content-layout":"","ast-site-content-layout":"full-width-container","site-content-style":"default","site-sidebar-style":"default","ast-global-header-display":"","ast-banner-title-visibility":"","ast-main-header-display":"","ast-hfb-above-header-display":"","ast-hfb-below-header-display":"","ast-hfb-mobile-header-display":"","site-post-title":"disabled","ast-breadcrumbs-content":"","ast-featured-img":"disabled","footer-sml-layout":"","ast-disable-related-posts":"","theme-transparent-header-meta":"","adv-header-id-meta":"","stick-header-meta":"","header-above-stick-meta":"","header-main-stick-meta":"","header-below-stick-meta":"","astra-migrate-meta-layouts":"default","ast-page-background-enabled":"default","ast-page-background-meta":{"desktop":{"background-color":"var(--ast-global-color-5)","background-image":"","background-repeat":"repeat","background-position":"center center","background-size":"auto","background-attachment":"scroll","background-type":"","background-media":"","overlay-type":"","overlay-color":"","overlay-opacity":"","overlay-gradient":""},"tablet":{"background-color":"","background-image":"","background-repeat":"repeat","background-position":"center center","background-size":"auto","background-attachment":"scroll","background-type":"","background-media":"","overlay-type":"","overlay-color":"","overlay-opacity":"","overlay-gradient":""},"mobile":{"background-color":"","background-image":"","background-repeat":"repeat","background-position":"center center","background-size":"auto","background-attachment":"scroll","background-type":"","background-media":"","overlay-type":"","overlay-color":"","overlay-opacity":"","overlay-gradient":""}},"ast-content-background-meta":{"desktop":{"background-color":"var(--ast-global-color-4)","background-image":"","background-repeat":"repeat","background-position":"center center","background-size":"auto","background-attachment":"scroll","background-type":"","background-media":"","overlay-type":"","overlay-color":"","overlay-opacity":"","overlay-gradient":""},"tablet":{"background-color":"var(--ast-global-color-4)","background-image":"","background-repeat":"repeat","background-position":"center center","background-size":"auto","background-attachment":"scroll","background-type":"","background-media":"","overlay-type":"","overlay-color":"","overlay-opacity":"","overlay-gradient":""},"mobile":{"background-color":"var(--ast-global-color-4)","background-image":"","background-repeat":"repeat","background-position":"center center","background-size":"auto","background-attachment":"scroll","background-type":"","background-media":"","overlay-type":"","overlay-color":"","overlay-opacity":"","overlay-gradient":""}},"_glsr_average":0,"_glsr_ranking":0,"_glsr_reviews":0,"footnotes":""},"class_list":["post-12730","page","type-page","status-publish","hentry"],"_links":{"self":[{"href":"https:\/\/xn--gafasparaeclipsesolarespaa-5rc.com\/ca\/wp-json\/wp\/v2\/pages\/12730","targetHints":{"allow":["GET"]}}],"collection":[{"href":"https:\/\/xn--gafasparaeclipsesolarespaa-5rc.com\/ca\/wp-json\/wp\/v2\/pages"}],"about":[{"href":"https:\/\/xn--gafasparaeclipsesolarespaa-5rc.com\/ca\/wp-json\/wp\/v2\/types\/page"}],"author":[{"embeddable":true,"href":"https:\/\/xn--gafasparaeclipsesolarespaa-5rc.com\/ca\/wp-json\/wp\/v2\/users\/58"}],"replies":[{"embeddable":true,"href":"https:\/\/xn--gafasparaeclipsesolarespaa-5rc.com\/ca\/wp-json\/wp\/v2\/comments?post=12730"}],"version-history":[{"count":2,"href":"https:\/\/xn--gafasparaeclipsesolarespaa-5rc.com\/ca\/wp-json\/wp\/v2\/pages\/12730\/revisions"}],"predecessor-version":[{"id":12936,"href":"https:\/\/xn--gafasparaeclipsesolarespaa-5rc.com\/ca\/wp-json\/wp\/v2\/pages\/12730\/revisions\/12936"}],"wp:attachment":[{"href":"https:\/\/xn--gafasparaeclipsesolarespaa-5rc.com\/ca\/wp-json\/wp\/v2\/media?parent=12730"}],"curies":[{"name":"wp","href":"https:\/\/api.w.org\/{rel}","templated":true}]}}