{"id":12651,"date":"2025-11-20T21:25:38","date_gmt":"2025-11-20T20:25:38","guid":{"rendered":"https:\/\/xn--gafasparaeclipsesolarespaa-5rc.com\/1006-certificacio\/"},"modified":"2026-04-10T10:56:04","modified_gmt":"2026-04-10T08:56:04","slug":"homologacio-ulleres-eclipsi-solar","status":"publish","type":"page","link":"https:\/\/xn--gafasparaeclipsesolarespaa-5rc.com\/ca\/homologacio-ulleres-eclipsi-solar\/","title":{"rendered":"1006-Certificaci\u00f3"},"content":{"rendered":"\t\t<div data-elementor-type=\"wp-page\" data-elementor-id=\"12651\" class=\"elementor elementor-12651\" data-elementor-post-type=\"page\">\n\t\t\t\t<div class=\"elementor-element elementor-element-7bf9c21 e-flex e-con-boxed e-con e-parent\" data-id=\"7bf9c21\" data-element_type=\"container\" data-e-type=\"container\" data-settings=\"{&quot;background_background&quot;:&quot;classic&quot;}\">\n\t\t\t\t\t<div class=\"e-con-inner\">\n\t\t<div class=\"elementor-element elementor-element-c3f40be pge-bnr e-flex e-con-boxed e-con e-child\" data-id=\"c3f40be\" data-element_type=\"container\" data-e-type=\"container\">\n\t\t\t\t\t<div class=\"e-con-inner\">\n\t\t\t\t<div class=\"elementor-element elementor-element-02f2057 elementor-widget__width-initial elementor-widget elementor-widget-heading\" data-id=\"02f2057\" data-element_type=\"widget\" data-e-type=\"widget\" data-widget_type=\"heading.default\">\n\t\t\t\t\t<h1 class=\"elementor-heading-title elementor-size-default\">\u00bfQu\u00e8 \u00e9s la \u201ccertificaci\u00f3\u201d?<\/h1>\t\t\t\t<\/div>\n\t\t\t\t<div class=\"elementor-element elementor-element-82ed488 elementor-widget-divider--view-line elementor-widget elementor-widget-divider\" data-id=\"82ed488\" data-element_type=\"widget\" data-e-type=\"widget\" data-widget_type=\"divider.default\">\n\t\t\t\t\t\t\t<div class=\"elementor-divider\">\n\t\t\t<span class=\"elementor-divider-separator\">\n\t\t\t\t\t\t<\/span>\n\t\t<\/div>\n\t\t\t\t\t\t<\/div>\n\t\t\t\t\t<\/div>\n\t\t\t\t<\/div>\n\t\t\t\t\t<\/div>\n\t\t\t\t<\/div>\n\t\t<div class=\"elementor-element elementor-element-ad7669b e-flex e-con-boxed e-con e-parent\" data-id=\"ad7669b\" data-element_type=\"container\" data-e-type=\"container\">\n\t\t\t\t\t<div class=\"e-con-inner\">\n\t\t<div class=\"elementor-element elementor-element-3495ccb e-con-full e-flex e-con e-child\" data-id=\"3495ccb\" data-element_type=\"container\" data-e-type=\"container\">\n\t\t<div class=\"elementor-element elementor-element-21286e2 e-con-full e-flex e-con e-child\" data-id=\"21286e2\" data-element_type=\"container\" data-e-type=\"container\" data-settings=\"{&quot;background_background&quot;:&quot;classic&quot;}\">\n\t\t\t\t<div class=\"elementor-element elementor-element-1199af1 elementor-widget elementor-widget-heading\" data-id=\"1199af1\" data-element_type=\"widget\" data-e-type=\"widget\" data-widget_type=\"heading.default\">\n\t\t\t\t\t<h2 class=\"elementor-heading-title elementor-size-default\">Qu\u00e8 \u00e9s la \u201ccertificaci\u00f3\u201d i qu\u00e8 s\u2019hi certifica exactament?<\/h2>\t\t\t\t<\/div>\n\t\t\t\t<\/div>\n\t\t<div class=\"elementor-element elementor-element-e49cec6 e-con-full e-flex e-con e-child\" data-id=\"e49cec6\" data-element_type=\"container\" data-e-type=\"container\">\n\t\t<div class=\"elementor-element elementor-element-170d9a1 e-con-full e-flex e-con e-child\" data-id=\"170d9a1\" data-element_type=\"container\" data-e-type=\"container\">\n\t\t<div class=\"elementor-element elementor-element-583e5a7 e-con-full e-flex e-con e-child\" data-id=\"583e5a7\" data-element_type=\"container\" data-e-type=\"container\">\n\t\t\t\t<div class=\"elementor-element elementor-element-5e60a7e elementor-widget elementor-widget-text-editor\" data-id=\"5e60a7e\" data-element_type=\"widget\" data-e-type=\"widget\" data-widget_type=\"text-editor.default\">\n\t\t\t\t\t\t\t\t\t<p>La funci\u00f3 principal de les ulleres per a eclipsi solar \u00e9s permetre mirar directament el Sol sense danyar la vista.<\/p><p>Per aconseguir-ho, el material del filtre solar ha de complir unes caracter\u00edstiques molt espec\u00edfiques:<\/p>\t\t\t\t\t\t\t\t<\/div>\n\t\t\t\t<div class=\"elementor-element elementor-element-288ab09 elementor-icon-list--layout-traditional elementor-list-item-link-full_width elementor-widget elementor-widget-icon-list\" data-id=\"288ab09\" data-element_type=\"widget\" data-e-type=\"widget\" data-widget_type=\"icon-list.default\">\n\t\t\t\t\t\t\t<ul class=\"elementor-icon-list-items\">\n\t\t\t\t\t\t\t<li class=\"elementor-icon-list-item\">\n\t\t\t\t\t\t\t\t\t\t\t<span class=\"elementor-icon-list-icon\">\n\t\t\t\t\t\t\t<svg xmlns=\"http:\/\/www.w3.org\/2000\/svg\" width=\"36\" height=\"36\" viewBox=\"0 0 36 36\" fill=\"none\"><g clip-path=\"url(#clip0_214_165)\"><path d=\"M35.4012 18.0001C35.4012 27.9793 27.0072 35.9923 16.8924 35.3659C8.22601 34.8289 1.17241 27.7753 0.636014 19.1089C0.009014 8.9941 8.02201 0.600098 18.0012 0.600098C20.742 0.600098 23.337 1.2325 25.6452 2.3647C26.2638 2.6683 26.4906 3.4387 26.1492 4.0375L26.1468 4.0417C25.8312 4.5949 25.1424 4.8007 24.5712 4.5193C22.2804 3.3913 19.6614 2.8423 16.8972 3.0397C9.63721 3.5575 3.70801 9.3805 3.06181 16.6303C2.25781 25.6537 9.48901 33.2275 18.3996 32.9947C26.0304 32.7955 32.4 26.7439 32.9586 19.1311C33.1038 17.1535 32.8656 15.2389 32.2992 13.4737C32.1198 12.9139 32.3808 12.3097 32.9064 12.0469C33.5628 11.7187 34.3674 12.0469 34.59 12.7459C35.1168 14.4025 35.4012 16.1677 35.4012 18.0001Z\" fill=\"#FBC35D\"><\/path><path d=\"M9.2462 13.4833L18.7346 26.3215C19.451 27.2911 20.909 27.2071 21.5132 26.1619L35.2244 2.42709C35.9384 1.19109 34.3094 -0.0515121 33.338 0.988888L19.0532 16.2901L10.7648 11.7025C9.6446 11.0827 8.4806 12.4471 9.2462 13.4833Z\" fill=\"#E95900\"><\/path><\/g><defs><clipPath id=\"clip0_214_165\"><rect width=\"36\" height=\"36\" fill=\"white\"><\/rect><\/clipPath><\/defs><\/svg>\t\t\t\t\t\t<\/span>\n\t\t\t\t\t\t\t\t\t\t<span class=\"elementor-icon-list-text\">Filtrar el 100 % de la radiaci\u00f3 ultraviolada (UV)<\/span>\n\t\t\t\t\t\t\t\t\t<\/li>\n\t\t\t\t\t\t\t\t<li class=\"elementor-icon-list-item\">\n\t\t\t\t\t\t\t\t\t\t\t<span class=\"elementor-icon-list-icon\">\n\t\t\t\t\t\t\t<svg xmlns=\"http:\/\/www.w3.org\/2000\/svg\" width=\"36\" height=\"36\" viewBox=\"0 0 36 36\" fill=\"none\"><g clip-path=\"url(#clip0_214_165)\"><path d=\"M35.4012 18.0001C35.4012 27.9793 27.0072 35.9923 16.8924 35.3659C8.22601 34.8289 1.17241 27.7753 0.636014 19.1089C0.009014 8.9941 8.02201 0.600098 18.0012 0.600098C20.742 0.600098 23.337 1.2325 25.6452 2.3647C26.2638 2.6683 26.4906 3.4387 26.1492 4.0375L26.1468 4.0417C25.8312 4.5949 25.1424 4.8007 24.5712 4.5193C22.2804 3.3913 19.6614 2.8423 16.8972 3.0397C9.63721 3.5575 3.70801 9.3805 3.06181 16.6303C2.25781 25.6537 9.48901 33.2275 18.3996 32.9947C26.0304 32.7955 32.4 26.7439 32.9586 19.1311C33.1038 17.1535 32.8656 15.2389 32.2992 13.4737C32.1198 12.9139 32.3808 12.3097 32.9064 12.0469C33.5628 11.7187 34.3674 12.0469 34.59 12.7459C35.1168 14.4025 35.4012 16.1677 35.4012 18.0001Z\" fill=\"#FBC35D\"><\/path><path d=\"M9.2462 13.4833L18.7346 26.3215C19.451 27.2911 20.909 27.2071 21.5132 26.1619L35.2244 2.42709C35.9384 1.19109 34.3094 -0.0515121 33.338 0.988888L19.0532 16.2901L10.7648 11.7025C9.6446 11.0827 8.4806 12.4471 9.2462 13.4833Z\" fill=\"#E95900\"><\/path><\/g><defs><clipPath id=\"clip0_214_165\"><rect width=\"36\" height=\"36\" fill=\"white\"><\/rect><\/clipPath><\/defs><\/svg>\t\t\t\t\t\t<\/span>\n\t\t\t\t\t\t\t\t\t\t<span class=\"elementor-icon-list-text\">Filtrar el 100 % de la radiaci\u00f3 infraroja (IR)<\/span>\n\t\t\t\t\t\t\t\t\t<\/li>\n\t\t\t\t\t\t\t\t<li class=\"elementor-icon-list-item\">\n\t\t\t\t\t\t\t\t\t\t\t<span class=\"elementor-icon-list-icon\">\n\t\t\t\t\t\t\t<svg xmlns=\"http:\/\/www.w3.org\/2000\/svg\" width=\"36\" height=\"36\" viewBox=\"0 0 36 36\" fill=\"none\"><g clip-path=\"url(#clip0_214_165)\"><path d=\"M35.4012 18.0001C35.4012 27.9793 27.0072 35.9923 16.8924 35.3659C8.22601 34.8289 1.17241 27.7753 0.636014 19.1089C0.009014 8.9941 8.02201 0.600098 18.0012 0.600098C20.742 0.600098 23.337 1.2325 25.6452 2.3647C26.2638 2.6683 26.4906 3.4387 26.1492 4.0375L26.1468 4.0417C25.8312 4.5949 25.1424 4.8007 24.5712 4.5193C22.2804 3.3913 19.6614 2.8423 16.8972 3.0397C9.63721 3.5575 3.70801 9.3805 3.06181 16.6303C2.25781 25.6537 9.48901 33.2275 18.3996 32.9947C26.0304 32.7955 32.4 26.7439 32.9586 19.1311C33.1038 17.1535 32.8656 15.2389 32.2992 13.4737C32.1198 12.9139 32.3808 12.3097 32.9064 12.0469C33.5628 11.7187 34.3674 12.0469 34.59 12.7459C35.1168 14.4025 35.4012 16.1677 35.4012 18.0001Z\" fill=\"#FBC35D\"><\/path><path d=\"M9.2462 13.4833L18.7346 26.3215C19.451 27.2911 20.909 27.2071 21.5132 26.1619L35.2244 2.42709C35.9384 1.19109 34.3094 -0.0515121 33.338 0.988888L19.0532 16.2901L10.7648 11.7025C9.6446 11.0827 8.4806 12.4471 9.2462 13.4833Z\" fill=\"#E95900\"><\/path><\/g><defs><clipPath id=\"clip0_214_165\"><rect width=\"36\" height=\"36\" fill=\"white\"><\/rect><\/clipPath><\/defs><\/svg>\t\t\t\t\t\t<\/span>\n\t\t\t\t\t\t\t\t\t\t<span class=\"elementor-icon-list-text\">Filtrar el 99,99 % de la llum visible intensa<\/span>\n\t\t\t\t\t\t\t\t\t<\/li>\n\t\t\t\t\t\t<\/ul>\n\t\t\t\t\t\t<\/div>\n\t\t\t\t<\/div>\n\t\t<div class=\"elementor-element elementor-element-a16b3d0 e-con-full e-flex e-con e-child\" data-id=\"a16b3d0\" data-element_type=\"container\" data-e-type=\"container\">\n\t\t\t\t<div class=\"elementor-element elementor-element-b4dfdc1 elementor-widget elementor-widget-image\" data-id=\"b4dfdc1\" data-element_type=\"widget\" data-e-type=\"widget\" data-widget_type=\"image.default\">\n\t\t\t\t\t\t\t\t\t\t\t\t\t\t\t<img decoding=\"async\" width=\"205\" height=\"191\" src=\"https:\/\/xn--gafasparaeclipsesolarespaa-5rc.com\/wp-content\/uploads\/2025\/11\/Group-8660.png\" class=\"attachment-full size-full wp-image-12387\" alt=\"\" \/>\t\t\t\t\t\t\t\t\t\t\t\t\t\t\t<\/div>\n\t\t\t\t<\/div>\n\t\t\t\t<\/div>\n\t\t<div class=\"elementor-element elementor-element-d04fee8 e-con-full e-flex e-con e-child\" data-id=\"d04fee8\" data-element_type=\"container\" data-e-type=\"container\">\n\t\t\t\t<div class=\"elementor-element elementor-element-cb02ced elementor-widget elementor-widget-text-editor\" data-id=\"cb02ced\" data-element_type=\"widget\" data-e-type=\"widget\" data-widget_type=\"text-editor.default\">\n\t\t\t\t\t\t\t\t\t<p>La certificaci\u00f3 \u00e9s un document em\u00e8s per un laboratori independent autoritzat, que realitza proves exhaustives per verificar que el filtre compleix els requisits establerts a la norma ISO 12312-2:2015.<\/p><p>A m\u00e9s, per a la seva venda a la UE, les ulleres d&#8217;eclipsi han de complir amb el Reglament (UE) 2016\/425. Per a &#8220;certificar&#8221; que les ulleres d&#8217;eclipsi compleixen amb aquest est\u00e0ndard, l&#8217;informe de certificaci\u00f3 ISO ha de presentar-se davant un Organisme Notificat \u2014un centre de proves acreditat\u2014 per a donar fe que les proves ISO es van executar d&#8217;acord amb les normes de la UE. L&#8217;Organisme Notificat emetr\u00e0 un Certificat de Conformitat.  <\/p><p>Aquesta certificaci\u00f3 garanteix que les ulleres per a eclipsi solar s\u00f3n segures per a l\u2019observaci\u00f3 directa del Sol, oferint el m\u00e0xim nivell de protecci\u00f3, confort i qualitat visual per gaudir d\u2019una experi\u00e8ncia d\u2019observaci\u00f3 \u00fanica.<\/p>\t\t\t\t\t\t\t\t<\/div>\n\t\t<div class=\"elementor-element elementor-element-15534e1 e-con-full e-flex e-con e-child\" data-id=\"15534e1\" data-element_type=\"container\" data-e-type=\"container\">\n\t\t\t\t<div class=\"elementor-element elementor-element-971e908 elementor-arrows-position-outside elementor-widget elementor-widget-image-carousel\" data-id=\"971e908\" data-element_type=\"widget\" data-e-type=\"widget\" data-settings=\"{&quot;slides_to_show&quot;:&quot;4&quot;,&quot;slides_to_show_tablet_extra&quot;:&quot;3&quot;,&quot;slides_to_scroll&quot;:&quot;1&quot;,&quot;navigation&quot;:&quot;arrows&quot;,&quot;autoplay_speed&quot;:3000,&quot;image_spacing_custom&quot;:{&quot;unit&quot;:&quot;px&quot;,&quot;size&quot;:0,&quot;sizes&quot;:[]},&quot;image_spacing_custom_laptop&quot;:{&quot;unit&quot;:&quot;px&quot;,&quot;size&quot;:10,&quot;sizes&quot;:[]},&quot;image_spacing_custom_tablet_extra&quot;:{&quot;unit&quot;:&quot;px&quot;,&quot;size&quot;:10,&quot;sizes&quot;:[]},&quot;autoplay&quot;:&quot;yes&quot;,&quot;pause_on_hover&quot;:&quot;yes&quot;,&quot;pause_on_interaction&quot;:&quot;yes&quot;,&quot;infinite&quot;:&quot;yes&quot;,&quot;speed&quot;:500,&quot;image_spacing_custom_tablet&quot;:{&quot;unit&quot;:&quot;px&quot;,&quot;size&quot;:&quot;&quot;,&quot;sizes&quot;:[]},&quot;image_spacing_custom_mobile_extra&quot;:{&quot;unit&quot;:&quot;px&quot;,&quot;size&quot;:&quot;&quot;,&quot;sizes&quot;:[]},&quot;image_spacing_custom_mobile&quot;:{&quot;unit&quot;:&quot;px&quot;,&quot;size&quot;:&quot;&quot;,&quot;sizes&quot;:[]}}\" data-widget_type=\"image-carousel.default\">\n\t\t\t\t\t\t\t<div class=\"elementor-image-carousel-wrapper swiper\" role=\"region\" aria-roledescription=\"carousel\" aria-label=\"Image Carousel\" dir=\"ltr\">\n\t\t\t<div class=\"elementor-image-carousel swiper-wrapper\" aria-live=\"off\">\n\t\t\t\t\t\t\t\t<div class=\"swiper-slide\" role=\"group\" aria-roledescription=\"slide\" aria-label=\"1 de 5\"><figure class=\"swiper-slide-inner\"><img decoding=\"async\" class=\"swiper-slide-image\" src=\"https:\/\/xn--gafasparaeclipsesolarespaa-5rc.com\/wp-content\/uploads\/2025\/11\/Group-8662.png\" alt=\"Group 8662\" \/><\/figure><\/div><div class=\"swiper-slide\" role=\"group\" aria-roledescription=\"slide\" aria-label=\"2 de 5\"><figure class=\"swiper-slide-inner\"><img decoding=\"async\" class=\"swiper-slide-image\" src=\"https:\/\/xn--gafasparaeclipsesolarespaa-5rc.com\/wp-content\/uploads\/2025\/11\/Group-8662-1.png\" alt=\"Group 8662\" \/><\/figure><\/div><div class=\"swiper-slide\" role=\"group\" aria-roledescription=\"slide\" aria-label=\"3 de 5\"><figure class=\"swiper-slide-inner\"><img decoding=\"async\" class=\"swiper-slide-image\" src=\"https:\/\/xn--gafasparaeclipsesolarespaa-5rc.com\/wp-content\/uploads\/2025\/11\/Group-8662-2.png\" alt=\"Group 8662\" \/><\/figure><\/div><div class=\"swiper-slide\" role=\"group\" aria-roledescription=\"slide\" aria-label=\"4 de 5\"><figure class=\"swiper-slide-inner\"><img decoding=\"async\" class=\"swiper-slide-image\" src=\"https:\/\/xn--gafasparaeclipsesolarespaa-5rc.com\/wp-content\/uploads\/2025\/11\/Group-8662-3.png\" alt=\"Group 8662\" \/><\/figure><\/div><div class=\"swiper-slide\" role=\"group\" aria-roledescription=\"slide\" aria-label=\"5 de 5\"><figure class=\"swiper-slide-inner\"><img decoding=\"async\" class=\"swiper-slide-image\" src=\"https:\/\/xn--gafasparaeclipsesolarespaa-5rc.com\/wp-content\/uploads\/2025\/11\/Group-8662-4.png\" alt=\"Group 8662\" \/><\/figure><\/div>\t\t\t<\/div>\n\t\t\t\t\t\t\t\t\t\t\t\t<div class=\"elementor-swiper-button elementor-swiper-button-prev\" role=\"button\" tabindex=\"0\">\n\t\t\t\t\t\t<svg xmlns=\"http:\/\/www.w3.org\/2000\/svg\" width=\"32\" height=\"32\" viewBox=\"0 0 32 32\" fill=\"none\"><path d=\"M16 30.8125C12.5829 30.8099 9.27173 29.6264 6.62728 27.4623C3.98283 25.2981 2.16766 22.2865 1.48922 18.9375C0.81077 15.5884 1.31075 12.1078 2.90447 9.08509C4.49819 6.06241 7.08769 3.68349 10.2344 2.35125C13.8489 0.85155 17.9099 0.842633 21.5309 2.32645C25.152 3.81026 28.039 6.6663 29.5618 10.2711C31.0845 13.876 31.1194 17.9368 29.6588 21.5673C28.1982 25.1977 25.3606 28.103 21.7656 29.6488C19.9417 30.4208 17.9806 30.8166 16 30.8125ZM16 32C24.8363 32 32 24.8363 32 16C32 7.16375 24.8362 6.26275e-07 16 1.39876e-06C7.16375 2.17125e-06 6.26271e-07 7.16375 1.39876e-06 16C2.17125e-06 24.8363 7.16375 32 16 32Z\" fill=\"#2C2C2C\"><\/path><path d=\"M6.8125 16.4564L12.2894 21.9801C12.3487 22.0432 12.42 22.0938 12.4992 22.1288C12.5783 22.1639 12.6637 22.1827 12.7503 22.1842C12.8368 22.1857 12.9228 22.1699 13.0032 22.1376C13.0835 22.1054 13.1566 22.0573 13.218 21.9964C13.2795 21.9354 13.3281 21.8627 13.361 21.7827C13.394 21.7026 13.4105 21.6167 13.4097 21.5302C13.4089 21.4436 13.3908 21.3581 13.3564 21.2786C13.3219 21.1992 13.272 21.1274 13.2094 21.0676L8.82688 16.6482L24.7269 16.6482C24.8988 16.6482 25.0636 16.58 25.1852 16.4584C25.3067 16.3369 25.375 16.172 25.375 16.0001C25.375 15.8282 25.3067 15.6634 25.1852 15.5418C25.0636 15.4203 24.8988 15.352 24.7269 15.352L8.8275 15.352L13.21 10.9326C13.2726 10.8728 13.3226 10.8011 13.357 10.7216C13.3914 10.6422 13.4095 10.5566 13.4103 10.4701C13.4111 10.3835 13.3946 10.2976 13.3617 10.2176C13.3287 10.1375 13.2801 10.0648 13.2187 10.0039C13.1572 9.9429 13.0841 9.89486 13.0038 9.8626C12.9234 9.83033 12.8375 9.81449 12.7509 9.816C12.6643 9.81752 12.579 9.83636 12.4998 9.87142C12.4206 9.90648 12.3493 9.95704 12.29 10.0201L6.8125 15.5439C6.69205 15.6652 6.62445 15.8292 6.62445 16.0001C6.62445 16.1711 6.69205 16.3351 6.8125 16.4564Z\" fill=\"#2C2C2C\"><\/path><\/svg>\t\t\t\t\t<\/div>\n\t\t\t\t\t<div class=\"elementor-swiper-button elementor-swiper-button-next\" role=\"button\" tabindex=\"0\">\n\t\t\t\t\t\t<svg xmlns=\"http:\/\/www.w3.org\/2000\/svg\" width=\"32\" height=\"32\" viewBox=\"0 0 32 32\" fill=\"none\"><g clip-path=\"url(#clip0_298_189)\"><path d=\"M16 1.1875C19.4171 1.19006 22.7283 2.37363 25.3727 4.53775C28.0172 6.70186 29.8323 9.71349 30.5108 13.0626C31.1892 16.4116 30.6893 19.8922 29.0955 22.9149C27.5018 25.9376 24.9123 28.3165 21.7656 29.6488C18.1511 31.1485 14.0901 31.1574 10.4691 29.6736C6.84805 28.1897 3.96103 25.3337 2.43825 21.7289C0.915465 18.124 0.88058 14.0632 2.34121 10.4327C3.80184 6.80227 6.63936 3.89705 10.2344 2.35125C12.0583 1.57925 14.0194 1.18342 16 1.1875ZM16 0C7.16375 0 0 7.16375 0 16C0 24.8363 7.16375 32 16 32C24.8363 32 32 24.8363 32 16C32 7.16375 24.8363 0 16 0Z\" fill=\"#2C2C2C\"><\/path><path d=\"M25.1875 15.5436L19.7106 10.0199C19.6513 9.95681 19.58 9.90624 19.5008 9.87119C19.4217 9.83613 19.3363 9.81729 19.2497 9.81577C19.1632 9.81426 19.0772 9.8301 18.9968 9.86237C18.9165 9.89463 18.8434 9.94267 18.782 10.0036C18.7205 10.0646 18.6719 10.1373 18.639 10.2173C18.606 10.2974 18.5895 10.3833 18.5903 10.4698C18.5911 10.5564 18.6092 10.6419 18.6436 10.7214C18.6781 10.8008 18.728 10.8726 18.7906 10.9324L23.1731 15.3518H7.27313C7.10123 15.3518 6.93638 15.42 6.81483 15.5416C6.69328 15.6631 6.625 15.828 6.625 15.9999C6.625 16.1718 6.69328 16.3366 6.81483 16.4582C6.93638 16.5797 7.10123 16.648 7.27313 16.648H23.1725L18.79 21.0674C18.7274 21.1272 18.6774 21.1989 18.643 21.2784C18.6086 21.3578 18.5905 21.4434 18.5897 21.5299C18.5889 21.6165 18.6054 21.7024 18.6383 21.7824C18.6713 21.8625 18.7199 21.9352 18.7813 21.9961C18.8428 22.0571 18.9159 22.1051 18.9962 22.1374C19.0766 22.1697 19.1625 22.1855 19.2491 22.184C19.3357 22.1825 19.421 22.1636 19.5002 22.1286C19.5794 22.0935 19.6507 22.043 19.71 21.9799L25.1875 16.4561C25.308 16.3348 25.3756 16.1708 25.3756 15.9999C25.3756 15.8289 25.308 15.6649 25.1875 15.5436Z\" fill=\"#2C2C2C\"><\/path><\/g><defs><clipPath id=\"clip0_298_189\"><rect width=\"32\" height=\"32\" fill=\"white\"><\/rect><\/clipPath><\/defs><\/svg>\t\t\t\t\t<\/div>\n\t\t\t\t\n\t\t\t\t\t\t\t\t\t<\/div>\n\t\t\t\t\t\t<\/div>\n\t\t\t\t<\/div>\n\t\t\t\t<div class=\"elementor-element elementor-element-4e0bcbc elementor-widget elementor-widget-text-editor\" data-id=\"4e0bcbc\" data-element_type=\"widget\" data-e-type=\"widget\" data-widget_type=\"text-editor.default\">\n\t\t\t\t\t\t\t\t\t<p>Les nostres ulleres Spectrum per a l\u2019observaci\u00f3 d\u2019eclipsis solars incorporen filtres certificats de primera qualitat, que permeten observar el Sol amb imatges n\u00edtides i clares en el seu color taronja natural.<\/p><p><strong>\u00c9s fonamental <a href=\"https:\/\/xn--gafasparaeclipsesolarespaa-5rc.com\/ca\/0005-recommendations\/\">seguir sempre les recomanacions d\u2019\u00fas i de seguretat<\/a> per evitar qualsevol dany ocular.<\/strong><\/p>\t\t\t\t\t\t\t\t<\/div>\n\t\t\t\t<\/div>\n\t\t<div class=\"elementor-element elementor-element-d7ae1bf e-con-full e-flex e-con e-child\" data-id=\"d7ae1bf\" data-element_type=\"container\" data-e-type=\"container\">\n\t\t\t\t<div class=\"elementor-element elementor-element-951eddb elementor-align-center elementor-widget elementor-widget-button\" data-id=\"951eddb\" data-element_type=\"widget\" data-e-type=\"widget\" data-widget_type=\"button.default\">\n\t\t\t\t\t\t\t\t\t\t<a class=\"elementor-button elementor-button-link elementor-size-sm\" href=\"https:\/\/xn--gafasparaeclipsesolarespaa-5rc.com\/producto\/comprar-gafas-eclipse-solar-spectrum-homologadas\/\">\n\t\t\t\t\t\t<span class=\"elementor-button-content-wrapper\">\n\t\t\t\t\t\t<span class=\"elementor-button-icon\">\n\t\t\t\t<svg xmlns=\"http:\/\/www.w3.org\/2000\/svg\" width=\"16\" height=\"16\" viewBox=\"0 0 16 16\" fill=\"none\"><g clip-path=\"url(#clip0_1_325)\"><path d=\"M4.0213 0.0365602L4.0213 2.12626L12.3801 2.12626L0.289688 14.2167L1.78233 15.7093L13.8728 3.61891L13.8728 11.9777L15.9625 11.9777L15.9625 0.0365597L4.0213 0.0365602Z\" fill=\"white\"><\/path><\/g><defs><clipPath id=\"clip0_1_325\"><rect width=\"16\" height=\"16\" fill=\"white\"><\/rect><\/clipPath><\/defs><\/svg>\t\t\t<\/span>\n\t\t\t\t\t\t\t\t\t<span class=\"elementor-button-text\">Fes la teva comanda ja<\/span>\n\t\t\t\t\t<\/span>\n\t\t\t\t\t<\/a>\n\t\t\t\t\t\t\t\t<\/div>\n\t\t\t\t<\/div>\n\t\t\t\t<\/div>\n\t\t\t\t<\/div>\n\t\t\t\t\t<\/div>\n\t\t\t\t<\/div>\n\t\t\t\t<\/div>\n\t\t","protected":false},"excerpt":{"rendered":"<p>\u00bfQu\u00e8 \u00e9s la \u201ccertificaci\u00f3\u201d? Qu\u00e8 \u00e9s la \u201ccertificaci\u00f3\u201d i qu\u00e8 s\u2019hi certifica exactament? La funci\u00f3 principal de les ulleres per [&hellip;]<\/p>\n","protected":false},"author":58,"featured_media":0,"parent":0,"menu_order":0,"comment_status":"closed","ping_status":"closed","template":"","meta":{"site-sidebar-layout":"no-sidebar","site-content-layout":"","ast-site-content-layout":"full-width-container","site-content-style":"default","site-sidebar-style":"default","ast-global-header-display":"","ast-banner-title-visibility":"","ast-main-header-display":"","ast-hfb-above-header-display":"","ast-hfb-below-header-display":"","ast-hfb-mobile-header-display":"","site-post-title":"disabled","ast-breadcrumbs-content":"","ast-featured-img":"disabled","footer-sml-layout":"","ast-disable-related-posts":"","theme-transparent-header-meta":"","adv-header-id-meta":"","stick-header-meta":"","header-above-stick-meta":"","header-main-stick-meta":"","header-below-stick-meta":"","astra-migrate-meta-layouts":"default","ast-page-background-enabled":"default","ast-page-background-meta":{"desktop":{"background-color":"var(--ast-global-color-5)","background-image":"","background-repeat":"repeat","background-position":"center center","background-size":"auto","background-attachment":"scroll","background-type":"","background-media":"","overlay-type":"","overlay-color":"","overlay-opacity":"","overlay-gradient":""},"tablet":{"background-color":"","background-image":"","background-repeat":"repeat","background-position":"center center","background-size":"auto","background-attachment":"scroll","background-type":"","background-media":"","overlay-type":"","overlay-color":"","overlay-opacity":"","overlay-gradient":""},"mobile":{"background-color":"","background-image":"","background-repeat":"repeat","background-position":"center center","background-size":"auto","background-attachment":"scroll","background-type":"","background-media":"","overlay-type":"","overlay-color":"","overlay-opacity":"","overlay-gradient":""}},"ast-content-background-meta":{"desktop":{"background-color":"var(--ast-global-color-4)","background-image":"","background-repeat":"repeat","background-position":"center center","background-size":"auto","background-attachment":"scroll","background-type":"","background-media":"","overlay-type":"","overlay-color":"","overlay-opacity":"","overlay-gradient":""},"tablet":{"background-color":"var(--ast-global-color-4)","background-image":"","background-repeat":"repeat","background-position":"center center","background-size":"auto","background-attachment":"scroll","background-type":"","background-media":"","overlay-type":"","overlay-color":"","overlay-opacity":"","overlay-gradient":""},"mobile":{"background-color":"var(--ast-global-color-4)","background-image":"","background-repeat":"repeat","background-position":"center center","background-size":"auto","background-attachment":"scroll","background-type":"","background-media":"","overlay-type":"","overlay-color":"","overlay-opacity":"","overlay-gradient":""}},"_glsr_average":0,"_glsr_ranking":0,"_glsr_reviews":0,"footnotes":""},"class_list":["post-12651","page","type-page","status-publish","hentry"],"_links":{"self":[{"href":"https:\/\/xn--gafasparaeclipsesolarespaa-5rc.com\/ca\/wp-json\/wp\/v2\/pages\/12651","targetHints":{"allow":["GET"]}}],"collection":[{"href":"https:\/\/xn--gafasparaeclipsesolarespaa-5rc.com\/ca\/wp-json\/wp\/v2\/pages"}],"about":[{"href":"https:\/\/xn--gafasparaeclipsesolarespaa-5rc.com\/ca\/wp-json\/wp\/v2\/types\/page"}],"author":[{"embeddable":true,"href":"https:\/\/xn--gafasparaeclipsesolarespaa-5rc.com\/ca\/wp-json\/wp\/v2\/users\/58"}],"replies":[{"embeddable":true,"href":"https:\/\/xn--gafasparaeclipsesolarespaa-5rc.com\/ca\/wp-json\/wp\/v2\/comments?post=12651"}],"version-history":[{"count":1,"href":"https:\/\/xn--gafasparaeclipsesolarespaa-5rc.com\/ca\/wp-json\/wp\/v2\/pages\/12651\/revisions"}],"predecessor-version":[{"id":12655,"href":"https:\/\/xn--gafasparaeclipsesolarespaa-5rc.com\/ca\/wp-json\/wp\/v2\/pages\/12651\/revisions\/12655"}],"wp:attachment":[{"href":"https:\/\/xn--gafasparaeclipsesolarespaa-5rc.com\/ca\/wp-json\/wp\/v2\/media?parent=12651"}],"curies":[{"name":"wp","href":"https:\/\/api.w.org\/{rel}","templated":true}]}}